{"id":11,"date":"2017-10-16T22:40:40","date_gmt":"2017-10-16T20:40:40","guid":{"rendered":"http:\/\/www.webpress.slapnet.cz\/?page_id=11"},"modified":"2018-12-03T22:22:05","modified_gmt":"2018-12-03T21:22:05","slug":"vyhody-site","status":"publish","type":"page","link":"https:\/\/www.slapnet.cz\/?page_id=11","title":{"rendered":"V\u00fdhody s\u00edt\u011b"},"content":{"rendered":"<h2><span class=\"hlvni-nadpis\" style=\"color: #000000;\">V\u00fdhody s\u00edt\u011b Slap.Net<\/span><\/h2>\n<ul>\n<li><span style=\"color: #000000;\"><b>Kvalitn\u00ed p\u0159ipojen\u00ed<\/b><\/span><br \/>\n<span style=\"color: #000000;\"> Hlavn\u00ed p\u0159\u00edstupov\u00e9 body jsou propojeny profesion\u00e1ln\u00edmi mikrovln\u00fdmi za\u0159\u00edzen\u00edmi v p\u00e1smech 10, 17 a 80 GHz. T\u00edm je doc\u00edleno nejlep\u0161\u00ed mo\u017en\u00e9 kvality propojen\u00ed ve vlastn\u00ed s\u00ed\u0165i. N\u00e1sledn\u011b cel\u00e1 s\u00ed\u0165 je pak k internetu p\u0159ipojena pomoc\u00ed optick\u00e9ho vl\u00e1kna. <\/span><\/li>\n<\/ul>\n<ul>\n<li><span style=\"color: #000000;\"><b>Monitorov\u00e1n\u00ed s\u00edt\u011b<\/b><\/span><br \/>\n<span style=\"color: #000000;\"> Jednotliv\u00e9 d\u016fle\u017eit\u00e9 body jsou neust\u00e1le sledov\u00e1ny a monitorov\u00e1ny. Na z\u00e1klad\u011b t\u011bchto m\u011b\u0159en\u00ed je n\u00e1sledn\u011b navy\u0161ovan\u00e1 kapacita jednotliv\u00fdch spoj\u016f pro zv\u00fd\u0161en\u00ed stability vlastn\u00edho p\u0159enosu dat.<\/span><\/li>\n<\/ul>\n<ul>\n<li><span style=\"color: #000000;\"><b>P\u0159ipojen\u00ed 24 hodin, 365 dn\u00ed v roce<\/b><\/span><br \/>\n<span style=\"color: #000000;\"> K s\u00edti jste p\u0159ipojeni st\u00e1le. Nen\u00ed nutn\u00e9 \u010dekat na vyto\u010den\u00ed internetov\u00e9ho p\u0159ipojen\u00ed.<\/span><\/li>\n<\/ul>\n<ul>\n<li><span style=\"color: #000000;\"><b>Bezpe\u010dnost<\/b><\/span><br \/>\n<span style=\"color: #000000;\"> D\u00edky trval\u00e9mu p\u0159ipojen\u00ed bez telefonn\u00edho modemu, nen\u00ed mo\u017en\u00e9 ne\u017e\u00e1douc\u00ed p\u0159esm\u011brov\u00e1n\u00ed na drah\u00e9 datov\u00e9 telefonn\u00ed slu\u017eby.<\/span><\/li>\n<\/ul>\n<ul>\n<li><span style=\"color: #000000;\"><b>Neomezen\u00fd datov\u00fd tok<\/b><\/span><br \/>\n<span style=\"color: #000000;\"> Na p\u0159\u00edpojce nen\u00ed uplat\u0148ovan\u00e9 \u017e\u00e1dn\u00e9 pravidlo FarPolici na z\u00e1klad\u011b sta\u017een\u00fdch dat. Je jen sd\u00edlen\u00e1 s ostatn\u00edmi u\u017eivateli a to v mnohem ni\u017e\u0161\u00edm pom\u011bru ne\u017e m\u00e1 nap\u0159. Telefonica O2 (Telecom).<\/span><\/li>\n<\/ul>\n<ul>\n<li><span style=\"color: #000000;\"><b>Libovoln\u00fd po\u010det PC<\/b><\/span><br \/>\n<span style=\"color: #000000;\"> Jeden klient m\u016f\u017ee m\u00edt v\u00edce sv\u00fdch po\u010d\u00edta\u010d\u016f v s\u00edti (Otec, stoln\u00ed PC, Notebook, &#8230;). P\u0159itom mohou b\u00fdt v\u0161ichni v s\u00edti \u0160lap.Net a t\u00edm p\u00e1dem i v na internetu.<\/span><\/li>\n<\/ul>\n<ul>\n<li><span style=\"color: #000000;\"><b>Kruhov\u00e9 propojen\u00ed<\/b><\/span><br \/>\n<span style=\"color: #000000;\"> Jednotliv\u00e9 p\u0159\u00edstupov\u00e9 body jsou vz\u00e1jemn\u011b propojeny do kruhu. D\u00edky tomu pokud nastane v\u00fdpadek mezi dv\u011bma spoji, je automaticky zaji\u0161t\u011bno spojen\u00ed &#8220;druhou&#8221; stranou.<\/span><\/li>\n<\/ul>\n<ul>\n<li><span style=\"color: #000000;\"><b>Dal\u0161\u00ed slu\u017eby<\/b><\/span><br \/>\n<span style=\"color: #000000;\"> P\u0159\u00edmo ve vlastn\u00ed s\u00edti jsou dostupn\u00e9 dal\u0161\u00ed slu\u017eby, jako nap\u0159\u00edklad NTP server, DNS server, WebHosting, ServerHosting, &#8230;<\/span><\/li>\n<\/ul>\n","protected":false},"excerpt":{"rendered":"<p>V\u00fdhody s\u00edt\u011b Slap.Net Kvalitn\u00ed p\u0159ipojen\u00ed Hlavn\u00ed p\u0159\u00edstupov\u00e9 body jsou propojeny profesion\u00e1ln\u00edmi mikrovln\u00fdmi za\u0159\u00edzen\u00edmi v p\u00e1smech 10, 17 a 80 GHz. T\u00edm je doc\u00edleno nejlep\u0161\u00ed mo\u017en\u00e9 kvality propojen\u00ed ve vlastn\u00ed s\u00ed\u0165i. N\u00e1sledn\u011b cel\u00e1 s\u00ed\u0165 je pak k internetu p\u0159ipojena pomoc\u00ed optick\u00e9ho vl\u00e1kna. Monitorov\u00e1n\u00ed s\u00edt\u011b Jednotliv\u00e9 d\u016fle\u017eit\u00e9 body jsou neust\u00e1le sledov\u00e1ny a monitorov\u00e1ny. Na z\u00e1klad\u011b t\u011bchto m\u011b\u0159en\u00ed<br \/><a class=\"btn-read-more\" href=\"https:\/\/www.slapnet.cz\/?page_id=11\">Read More<\/a><\/p>\n","protected":false},"author":1,"featured_media":0,"parent":0,"menu_order":0,"comment_status":"closed","ping_status":"closed","template":"","meta":[],"_links":{"self":[{"href":"https:\/\/www.slapnet.cz\/index.php?rest_route=\/wp\/v2\/pages\/11"}],"collection":[{"href":"https:\/\/www.slapnet.cz\/index.php?rest_route=\/wp\/v2\/pages"}],"about":[{"href":"https:\/\/www.slapnet.cz\/index.php?rest_route=\/wp\/v2\/types\/page"}],"author":[{"embeddable":true,"href":"https:\/\/www.slapnet.cz\/index.php?rest_route=\/wp\/v2\/users\/1"}],"replies":[{"embeddable":true,"href":"https:\/\/www.slapnet.cz\/index.php?rest_route=%2Fwp%2Fv2%2Fcomments&post=11"}],"version-history":[{"count":12,"href":"https:\/\/www.slapnet.cz\/index.php?rest_route=\/wp\/v2\/pages\/11\/revisions"}],"predecessor-version":[{"id":804,"href":"https:\/\/www.slapnet.cz\/index.php?rest_route=\/wp\/v2\/pages\/11\/revisions\/804"}],"wp:attachment":[{"href":"https:\/\/www.slapnet.cz\/index.php?rest_route=%2Fwp%2Fv2%2Fmedia&parent=11"}],"curies":[{"name":"wp","href":"https:\/\/api.w.org\/{rel}","templated":true}]}}