{"id":162,"date":"2017-11-16T14:40:28","date_gmt":"2017-11-16T13:40:28","guid":{"rendered":"http:\/\/www.slapnet.cz\/?page_id=162"},"modified":"2021-02-14T19:52:37","modified_gmt":"2021-02-14T18:52:37","slug":"slapanice","status":"publish","type":"page","link":"https:\/\/www.slapnet.cz\/?page_id=162","title":{"rendered":"Aktu\u00e1ln\u00ed po\u010das\u00ed ve \u0160lapanic\u00edch"},"content":{"rendered":"<h4 style=\"text-align: center;\">Aktu\u00e1ln\u00ed po\u010das\u00ed ve \u0160lapanic\u00edch<\/h4>\n<p style=\"text-align: center;\">\n<!-- iframe plugin v.4.5 wordpress.org\/plugins\/iframe\/ -->\n<iframe src=\"http:\/\/www.slapnet.cz\/meteo\/mwlive\/samples\/wswin.html\" width=\"80%\" height=\"750\" scrolling=\"yes\" class=\"iframe-class\" frameborder=\"0\"><\/iframe>\n<\/p>\n","protected":false},"excerpt":{"rendered":"<p>Aktu\u00e1ln\u00ed po\u010das\u00ed ve \u0160lapanic\u00edch<\/p>\n","protected":false},"author":1,"featured_media":0,"parent":160,"menu_order":0,"comment_status":"closed","ping_status":"closed","template":"","meta":[],"_links":{"self":[{"href":"https:\/\/www.slapnet.cz\/index.php?rest_route=\/wp\/v2\/pages\/162"}],"collection":[{"href":"https:\/\/www.slapnet.cz\/index.php?rest_route=\/wp\/v2\/pages"}],"about":[{"href":"https:\/\/www.slapnet.cz\/index.php?rest_route=\/wp\/v2\/types\/page"}],"author":[{"embeddable":true,"href":"https:\/\/www.slapnet.cz\/index.php?rest_route=\/wp\/v2\/users\/1"}],"replies":[{"embeddable":true,"href":"https:\/\/www.slapnet.cz\/index.php?rest_route=%2Fwp%2Fv2%2Fcomments&post=162"}],"version-history":[{"count":5,"href":"https:\/\/www.slapnet.cz\/index.php?rest_route=\/wp\/v2\/pages\/162\/revisions"}],"predecessor-version":[{"id":935,"href":"https:\/\/www.slapnet.cz\/index.php?rest_route=\/wp\/v2\/pages\/162\/revisions\/935"}],"up":[{"embeddable":true,"href":"https:\/\/www.slapnet.cz\/index.php?rest_route=\/wp\/v2\/pages\/160"}],"wp:attachment":[{"href":"https:\/\/www.slapnet.cz\/index.php?rest_route=%2Fwp%2Fv2%2Fmedia&parent=162"}],"curies":[{"name":"wp","href":"https:\/\/api.w.org\/{rel}","templated":true}]}}