{"id":170,"date":"2017-11-16T14:44:52","date_gmt":"2017-11-16T13:44:52","guid":{"rendered":"http:\/\/www.slapnet.cz\/?page_id=170"},"modified":"2019-06-05T09:45:23","modified_gmt":"2019-06-05T07:45:23","slug":"rychlost-vetru-ve-slapanicich","status":"publish","type":"page","link":"https:\/\/www.slapnet.cz\/?page_id=170","title":{"rendered":"Rychlost v\u011btru ve \u0160lapanic\u00edch"},"content":{"rendered":"\n<script type=\"text\/javascript\" src=\"\/wp-content\/plugins\/weather-display-live\/swfobject.js\"><\/script>\n<div id=\"flashcontent1\" align=\"center\" class=\"autosize\">\n<b>Weather Display Live<\/b><br \/>\nYou need to install v8, or greater, of Flash Player from <a href=\"http:\/\/www.adobe.com\">Adobe<\/a> and have javascript enabled to view Weather Display Live.\n<\/div>\n<script type=\"text\/javascript\">\n \/\/\n \/\/Enter your details here!!\n \/\/\nvar pathToWdlconfig = \"http:\/\/www.slapnet.cz\/pocasi\/dlouha\/poca6.xml\";\nvar widthOfWdl = \"100%\";\nvar heightOfWdl = \"37\";\nvar backgroundColourOfWdl = \"#FFFFFF\"\nvar versionOfWdl = \"http:\/\/www.slapnet.cz\/pocasi\/wdlv6_09.swf\";\n \/\/\n \/\/\nvar so = new SWFObject(versionOfWdl+\"?\"+pathToWdlconfig, versionOfWdl, widthOfWdl, heightOfWdl, \"8\", backgroundColourOfWdl);\nso.addParam(\"quality\", \"high\");\nso.addParam(\"wmode\", \"transparent\");\nso.write(\"flashcontent1\");\n<\/script>\n\n<p style=\"text-align: center;\">Zobrazen\u00e1 data jsou p\u0159\u00edmo z meteostanice um\u00edst\u011bn\u00e9 ve \u0160lapanic\u00edch.<\/p>\n","protected":false},"excerpt":{"rendered":"<p>Zobrazen\u00e1 data jsou p\u0159\u00edmo z meteostanice um\u00edst\u011bn\u00e9 ve \u0160lapanic\u00edch.<\/p>\n","protected":false},"author":1,"featured_media":0,"parent":160,"menu_order":0,"comment_status":"closed","ping_status":"closed","template":"","meta":[],"_links":{"self":[{"href":"https:\/\/www.slapnet.cz\/index.php?rest_route=\/wp\/v2\/pages\/170"}],"collection":[{"href":"https:\/\/www.slapnet.cz\/index.php?rest_route=\/wp\/v2\/pages"}],"about":[{"href":"https:\/\/www.slapnet.cz\/index.php?rest_route=\/wp\/v2\/types\/page"}],"author":[{"embeddable":true,"href":"https:\/\/www.slapnet.cz\/index.php?rest_route=\/wp\/v2\/users\/1"}],"replies":[{"embeddable":true,"href":"https:\/\/www.slapnet.cz\/index.php?rest_route=%2Fwp%2Fv2%2Fcomments&post=170"}],"version-history":[{"count":4,"href":"https:\/\/www.slapnet.cz\/index.php?rest_route=\/wp\/v2\/pages\/170\/revisions"}],"predecessor-version":[{"id":881,"href":"https:\/\/www.slapnet.cz\/index.php?rest_route=\/wp\/v2\/pages\/170\/revisions\/881"}],"up":[{"embeddable":true,"href":"https:\/\/www.slapnet.cz\/index.php?rest_route=\/wp\/v2\/pages\/160"}],"wp:attachment":[{"href":"https:\/\/www.slapnet.cz\/index.php?rest_route=%2Fwp%2Fv2%2Fmedia&parent=170"}],"curies":[{"name":"wp","href":"https:\/\/api.w.org\/{rel}","templated":true}]}}