{"id":209,"date":"2017-11-18T22:33:15","date_gmt":"2017-11-18T21:33:15","guid":{"rendered":"http:\/\/www.slapnet.cz\/?page_id=209"},"modified":"2018-05-14T22:06:09","modified_gmt":"2018-05-14T20:06:09","slug":"ntp-server","status":"publish","type":"page","link":"https:\/\/www.slapnet.cz\/?page_id=209","title":{"rendered":"NTP Server"},"content":{"rendered":"<p><strong>NTP<\/strong> (Network Time Protocol) <strong>server<\/strong> je slu\u017eba kter\u00e1 poskytuje p\u0159esn\u00fd \u010das a slou\u017e\u00ed k synchronizaci hodin jednotliv\u00fdch po\u010d\u00edta\u010d\u016f. Vlastn\u00ed protokol byl navr\u017een tak, aby odol\u00e1val n\u00e1sledk\u016fm prom\u011bnliv\u00e9ho zpo\u017ed\u011bn\u00ed jednotliv\u00fdch paket\u016f v s\u00edt\u00edch. Proto je ide\u00e1ln\u00ed pr\u00e1v\u011b pro IP s\u00edt\u011b &#8211; internetov\u00e9 p\u0159ipojen\u00ed. Aby klienti s\u00edt\u011b \u0160lap.Net m\u011bli mo\u017enost m\u00edt na sv\u00fdch za\u0159\u00edzen\u00ed co nejp\u0159esn\u011bj\u0161\u00ed \u010das, byl tento server v s\u00edti zprovozn\u011bn na adrese <strong>ntp.slapnet.cz<\/strong>. P\u0159esn\u00fd \u010das se na serveru synchronizuje p\u0159\u00edmo z GPS a proto tento server pat\u0159\u00ed do prvn\u00ed vrstvy (Stratum-1).<\/p>\n<p><strong>Status serveru:<\/strong><br \/>\n\n<!-- iframe plugin v.4.5 wordpress.org\/plugins\/iframe\/ -->\n<iframe src=\"http:\/\/ntp.slapnet.cz\" width=\"100%\" height=\"820\" scrolling=\"yes\" class=\"iframe-class\" frameborder=\"0\"><\/iframe>\n<\/p>\n<p style=\"text-align: right;\"><a href=\"https:\/\/www.slapnet.cz\/?page_id=209&amp;print=1\" title=\"Vytisknout zpr\u00e1vu\" rel=\"nofollow\"><img class=\"WP-PrintIcon\" src=\"https:\/\/www.slapnet.cz\/wp-content\/plugins\/wp-print\/images\/print.gif\" alt=\"Vytisknout zpr\u00e1vu\" title=\"Vytisknout zpr\u00e1vu\" style=\"border: 0px;\" \/><\/a>&nbsp;<a href=\"https:\/\/www.slapnet.cz\/?page_id=209&amp;print=1\" title=\"Vytisknout zpr\u00e1vu\" rel=\"nofollow\">Vytisknout zpr\u00e1vu<\/a><\/p>\n","protected":false},"excerpt":{"rendered":"<p>NTP (Network Time Protocol) server je slu\u017eba kter\u00e1 poskytuje p\u0159esn\u00fd \u010das a slou\u017e\u00ed k synchronizaci hodin jednotliv\u00fdch po\u010d\u00edta\u010d\u016f. Vlastn\u00ed protokol byl navr\u017een tak, aby odol\u00e1val n\u00e1sledk\u016fm prom\u011bnliv\u00e9ho zpo\u017ed\u011bn\u00ed jednotliv\u00fdch paket\u016f v s\u00edt\u00edch. Proto je ide\u00e1ln\u00ed pr\u00e1v\u011b pro IP s\u00edt\u011b &#8211; internetov\u00e9 p\u0159ipojen\u00ed. Aby klienti s\u00edt\u011b \u0160lap.Net m\u011bli mo\u017enost m\u00edt na sv\u00fdch za\u0159\u00edzen\u00ed co nejp\u0159esn\u011bj\u0161\u00ed \u010das,<br \/><a class=\"btn-read-more\" href=\"https:\/\/www.slapnet.cz\/?page_id=209\">Read More<\/a><\/p>\n","protected":false},"author":1,"featured_media":0,"parent":0,"menu_order":0,"comment_status":"closed","ping_status":"closed","template":"","meta":[],"_links":{"self":[{"href":"https:\/\/www.slapnet.cz\/index.php?rest_route=\/wp\/v2\/pages\/209"}],"collection":[{"href":"https:\/\/www.slapnet.cz\/index.php?rest_route=\/wp\/v2\/pages"}],"about":[{"href":"https:\/\/www.slapnet.cz\/index.php?rest_route=\/wp\/v2\/types\/page"}],"author":[{"embeddable":true,"href":"https:\/\/www.slapnet.cz\/index.php?rest_route=\/wp\/v2\/users\/1"}],"replies":[{"embeddable":true,"href":"https:\/\/www.slapnet.cz\/index.php?rest_route=%2Fwp%2Fv2%2Fcomments&post=209"}],"version-history":[{"count":11,"href":"https:\/\/www.slapnet.cz\/index.php?rest_route=\/wp\/v2\/pages\/209\/revisions"}],"predecessor-version":[{"id":374,"href":"https:\/\/www.slapnet.cz\/index.php?rest_route=\/wp\/v2\/pages\/209\/revisions\/374"}],"wp:attachment":[{"href":"https:\/\/www.slapnet.cz\/index.php?rest_route=%2Fwp%2Fv2%2Fmedia&parent=209"}],"curies":[{"name":"wp","href":"https:\/\/api.w.org\/{rel}","templated":true}]}}