{"id":266,"date":"2017-11-29T22:21:33","date_gmt":"2017-11-29T21:21:33","guid":{"rendered":"http:\/\/www.slapnet.cz\/?page_id=266"},"modified":"2017-11-30T19:12:48","modified_gmt":"2017-11-30T18:12:48","slug":"technicka-specifikace-rozhrani","status":"publish","type":"page","link":"https:\/\/www.slapnet.cz\/?page_id=266","title":{"rendered":"Technick\u00e1 specifikace rozhran\u00ed"},"content":{"rendered":"<p align=\"justify\">Dle \u00a773 odst. 7 z\u00e1kona \u010d.127\/2005 Sb., o elektronick\u00fdch komunikac\u00edch uv\u00e1d\u00edme typy rozhran\u00ed k p\u0159ipojen\u00ed s\u00edt\u011b \u0160lap.Net a k jejich slu\u017eb\u00e1m.\n<\/p>\n<table border=\"0\" width=\"90%\" align=\"center\">\n<tbody>\n<tr>\n<td>Ozna\u010den\u00ed<\/td>\n<td>Rozhran\u00ed<\/td>\n<td>Konektor<\/td>\n<td>Specifikace<\/td>\n<\/tr>\n<tr>\n<td colspan=\"4\"><\/td>\n<\/tr>\n<tr>\n<td>Ethernet<\/td>\n<td>10Base-T \/ 100Base-TX<\/td>\n<td>RJ-45<\/td>\n<td>ISO 8802,IEEE 802.3u, IPv4<\/td>\n<\/tr>\n<tr>\n<td>WiFi 2.4<\/td>\n<td>WiFi 2.4GHz<\/td>\n<td>&#8211;<\/td>\n<td>IEEE 802.11b<\/td>\n<\/tr>\n<tr>\n<td>WiFi 5<\/td>\n<td>WiFi 5.8GHz<\/td>\n<td>&#8211;<\/td>\n<td>IEEE 802.11a,n<\/td>\n<\/tr>\n<tr>\n<td colspan=\"4\"><\/td>\n<\/tr>\n<tr>\n<td>VoIP<\/td>\n<td>\u00da\u010dastnick\u00e1 p\u0159\u00edpojka VoIP<\/td>\n<td>RJ-45<\/td>\n<td>ISO 8802, IEEE 802.3 (Ethernet)<br \/>\nIPv4, signalizace SIP v2 RFC 3261<\/td>\n<\/tr>\n<\/tbody>\n<\/table>\n","protected":false},"excerpt":{"rendered":"<p>Dle \u00a773 odst. 7 z\u00e1kona \u010d.127\/2005 Sb., o elektronick\u00fdch komunikac\u00edch uv\u00e1d\u00edme typy rozhran\u00ed k p\u0159ipojen\u00ed s\u00edt\u011b \u0160lap.Net a k jejich slu\u017eb\u00e1m. Ozna\u010den\u00ed Rozhran\u00ed Konektor Specifikace Ethernet 10Base-T \/ 100Base-TX RJ-45 ISO 8802,IEEE 802.3u, IPv4 WiFi 2.4 WiFi 2.4GHz &#8211; IEEE 802.11b WiFi 5 WiFi 5.8GHz &#8211; IEEE 802.11a,n VoIP \u00da\u010dastnick\u00e1 p\u0159\u00edpojka VoIP RJ-45 ISO 8802,<br \/><a class=\"btn-read-more\" href=\"https:\/\/www.slapnet.cz\/?page_id=266\">Read More<\/a><\/p>\n","protected":false},"author":1,"featured_media":0,"parent":8,"menu_order":0,"comment_status":"closed","ping_status":"closed","template":"","meta":[],"_links":{"self":[{"href":"https:\/\/www.slapnet.cz\/index.php?rest_route=\/wp\/v2\/pages\/266"}],"collection":[{"href":"https:\/\/www.slapnet.cz\/index.php?rest_route=\/wp\/v2\/pages"}],"about":[{"href":"https:\/\/www.slapnet.cz\/index.php?rest_route=\/wp\/v2\/types\/page"}],"author":[{"embeddable":true,"href":"https:\/\/www.slapnet.cz\/index.php?rest_route=\/wp\/v2\/users\/1"}],"replies":[{"embeddable":true,"href":"https:\/\/www.slapnet.cz\/index.php?rest_route=%2Fwp%2Fv2%2Fcomments&post=266"}],"version-history":[{"count":2,"href":"https:\/\/www.slapnet.cz\/index.php?rest_route=\/wp\/v2\/pages\/266\/revisions"}],"predecessor-version":[{"id":268,"href":"https:\/\/www.slapnet.cz\/index.php?rest_route=\/wp\/v2\/pages\/266\/revisions\/268"}],"up":[{"embeddable":true,"href":"https:\/\/www.slapnet.cz\/index.php?rest_route=\/wp\/v2\/pages\/8"}],"wp:attachment":[{"href":"https:\/\/www.slapnet.cz\/index.php?rest_route=%2Fwp%2Fv2%2Fmedia&parent=266"}],"curies":[{"name":"wp","href":"https:\/\/api.w.org\/{rel}","templated":true}]}}