{"id":276,"date":"2017-11-30T19:26:49","date_gmt":"2017-11-30T18:26:49","guid":{"rendered":"http:\/\/www.slapnet.cz\/?page_id=276"},"modified":"2017-11-30T19:32:34","modified_gmt":"2017-11-30T18:32:34","slug":"technologicke-reseni","status":"publish","type":"page","link":"https:\/\/www.slapnet.cz\/?page_id=276","title":{"rendered":"Technologick\u00e9 \u0159e\u0161en\u00ed"},"content":{"rendered":"<p><a href=\"http:\/\/www.slapnet.cz\/wp-content\/uploads\/sites\/5\/2017\/11\/technologick_reseni.gif\"><img decoding=\"async\" loading=\"lazy\" src=\"http:\/\/www.slapnet.cz\/wp-content\/uploads\/sites\/5\/2017\/11\/technologick_reseni.gif\" alt=\"\" width=\"640\" height=\"788\" class=\"aligncenter size-full wp-image-275\" \/><\/a><\/p>\n","protected":false},"excerpt":{"rendered":"","protected":false},"author":1,"featured_media":0,"parent":0,"menu_order":0,"comment_status":"closed","ping_status":"closed","template":"","meta":[],"_links":{"self":[{"href":"https:\/\/www.slapnet.cz\/index.php?rest_route=\/wp\/v2\/pages\/276"}],"collection":[{"href":"https:\/\/www.slapnet.cz\/index.php?rest_route=\/wp\/v2\/pages"}],"about":[{"href":"https:\/\/www.slapnet.cz\/index.php?rest_route=\/wp\/v2\/types\/page"}],"author":[{"embeddable":true,"href":"https:\/\/www.slapnet.cz\/index.php?rest_route=\/wp\/v2\/users\/1"}],"replies":[{"embeddable":true,"href":"https:\/\/www.slapnet.cz\/index.php?rest_route=%2Fwp%2Fv2%2Fcomments&post=276"}],"version-history":[{"count":5,"href":"https:\/\/www.slapnet.cz\/index.php?rest_route=\/wp\/v2\/pages\/276\/revisions"}],"predecessor-version":[{"id":279,"href":"https:\/\/www.slapnet.cz\/index.php?rest_route=\/wp\/v2\/pages\/276\/revisions\/279"}],"wp:attachment":[{"href":"https:\/\/www.slapnet.cz\/index.php?rest_route=%2Fwp%2Fv2%2Fmedia&parent=276"}],"curies":[{"name":"wp","href":"https:\/\/api.w.org\/{rel}","templated":true}]}}