{"id":35,"date":"2017-10-22T12:32:30","date_gmt":"2017-10-22T10:32:30","guid":{"rendered":"http:\/\/www.webpress.slapnet.cz\/?page_id=35"},"modified":"2022-05-29T13:08:32","modified_gmt":"2022-05-29T11:08:32","slug":"uvod","status":"publish","type":"page","link":"https:\/\/www.slapnet.cz\/","title":{"rendered":"\u00davod"},"content":{"rendered":"<h4><strong>Internet pro \u0160lapanice a okol\u00ed &#8211; n\u00e1m \u0160lape Net<\/strong><\/h4>\n<p style=\"padding-left: 20px;\">Hlavn\u00ed slu\u017ebou je poskytov\u00e1n\u00ed p\u0159ipojen\u00ed k Internetu ve \u0160lapanic\u00edch a okol\u00ed. Pokr\u00fdv\u00e1me vlastn\u00edm sign\u00e1lem \u0160lapanice, Bed\u0159ichovice, Podol\u00ed, Dvorska, Kobylnice, Prace, Pon\u011btovice, Ji\u0159ikovice, Bla\u017eovice. V p\u0159\u00edpad\u011b z\u00e1jmu jsme schopni pokr\u00fdt i dal\u0161\u00ed lokality. Tak\u00e9 jsme schopni zajistit konektivitu i v Brn\u011b a jeho \u0161irok\u00e9m okol\u00ed.<\/p>\n<p style=\"padding-left: 20px;\">Pozorn\u011b naslouch\u00e1me Va\u0161im po\u017eadavk\u016fm, analyzujeme a vyhodnocujeme va\u0161e pot\u0159eby, vytv\u00e1\u0159\u00edme \u0159e\u0161en\u00ed \u0161it\u00e1 na m\u00edru Va\u0161im pot\u0159eb\u00e1m, poskytujeme nez\u00e1visl\u00e9 poradenstv\u00ed a to v\u0161e z maxim\u00e1ln\u00ed p\u00e9\u010d\u00ed.<\/p>\n<hr \/>\n<p><strong>Pro\u010d internet od n\u00e1s?<\/strong><\/p>\n<ul style=\"padding-left: 40px;\">\n<li>Nez\u00e1vazn\u00e9 prov\u011b\u0159en\u00ed dostupnosti sign\u00e1lu zdarma.<\/li>\n<li>Zku\u0161en\u00e1 technick\u00e1 podpora &#8211; \u017e\u00e1dn\u00fd &#8220;automat&#8221;, ale \u017eiv\u00fd \u010dlov\u011bk, kter\u00fd v\u017edy v\u00ed jak pomoci.<\/li>\n<li>Pokr\u00fdv\u00e1me vlastn\u00edm sign\u00e1lem \u0160lapanice, Bed\u0159ichovice, Podol\u00ed, Dvorska, Kobylnice, Prace, Pon\u011btovice, Ji\u0159ikovice, Bla\u017eovice<\/li>\n<li><strong>Nejlevn\u011bj\u0161\u00ed tarif<\/strong> za\u010d\u00edn\u00e1 na \u010d\u00e1stce <strong>180,-<\/strong> v\u010detn\u011b DPH za m\u011bs\u00edc.<\/li>\n<li>Porouchan\u00e1 za\u0159\u00edzen\u00ed m\u011bn\u00edme na m\u00edst\u011b, internet v\u00e1m tedy st\u00e1le b\u011b\u017e\u00ed.<\/li>\n<li>Vyu\u017e\u00edv\u00e1n\u00ed internetu bez z\u00e1vazk\u016f a smluv.<\/li>\n<li>Bez v\u00fdpov\u011bdn\u00ed lh\u016fty.<\/li>\n<li>Tarify bez omezen\u00ed sta\u017een\u00fdch dat (tzv. FUP).<\/li>\n<li>P\u0159i p\u0159echodu od jin\u00e9ho poskytovatele dostanete 1. m\u011bs\u00edc zdarma, bez ohledu na tarif. **)<\/li>\n<\/ul>\n<hr \/>\n<p><strong>Od konkurence k n\u00e1m !!!<\/strong><\/p>\n<p style=\"padding-left: 20px;\">Hled\u00e1te kvalitn\u011bj\u0161\u00edho poskytovatele internetu, televize nebo telefonu ? P\u0159ejd\u011bte k n\u00e1m!<br \/>\nP\u0159i p\u0159echodu od jin\u00e9ho (bezdr\u00e1tov\u00e9ho) poskytovatele nezaplat\u00edte za mont\u00e1\u017e ani korunu, va\u0161e za\u0159\u00edzen\u00ed jen nasm\u011brujeme na n\u00e1\u0161 vys\u00edla\u010d a p\u0159enastav\u00edme. *<\/p>\n<hr \/>\n<p><strong>U n\u00e1s je zdarma, co jinde plat\u00edte:<\/strong><\/p>\n<ul style=\"padding-left: 40px;\">\n<li>Neomezen\u00e9 stahovan\u00ed a odes\u00edl\u00e1n\u00ed dat<\/li>\n<li>Zvl\u00e1\u0161\u0165 dedikovanou linku pro VoIP<\/li>\n<li>Nep\u0159etr\u017eit\u00e1 technick\u00e1 podpora<\/li>\n<li>Nep\u0159etr\u017eit\u00fd dohled 24\/7\/365<\/li>\n<li>Schr\u00e1nku elektronick\u00e9 po\u0161ty<\/li>\n<li>VPN &#8211; zabezpe\u010den\u00ed p\u0159ipojen\u00ed<\/li>\n<li>P\u0159\u00edstup na FTP server<\/li>\n<li>Dom\u00e9nu t\u0159et\u00edho \u0159\u00e1du<\/li>\n<li>Ve\u0159ejnou IP adresu<\/li>\n<li>Hosting dom\u00e9ny<\/li>\n<\/ul>\n<hr \/>\n<p style=\"size: -1;\">*) za\u0159\u00edzen\u00ed mus\u00ed spl\u0148ovat pot\u0159ebn\u00e9 technick\u00e9 parametry, nelze vyu\u017e\u00edt u DSL p\u0159\u00edpojek<br \/>\n**) neplat\u00ed pro mobiln\u00ed p\u0159ipojen\u00ed (GSM, 3\/4G apod.) a pro p\u0159echod na DSL p\u0159\u00edpojku<\/p>\n","protected":false},"excerpt":{"rendered":"<p>Internet pro \u0160lapanice a okol\u00ed &#8211; n\u00e1m \u0160lape Net Hlavn\u00ed slu\u017ebou je poskytov\u00e1n\u00ed p\u0159ipojen\u00ed k Internetu ve \u0160lapanic\u00edch a okol\u00ed. Pokr\u00fdv\u00e1me vlastn\u00edm sign\u00e1lem \u0160lapanice, Bed\u0159ichovice, Podol\u00ed, Dvorska, Kobylnice, Prace, Pon\u011btovice, Ji\u0159ikovice, Bla\u017eovice. V p\u0159\u00edpad\u011b z\u00e1jmu jsme schopni pokr\u00fdt i dal\u0161\u00ed lokality. Tak\u00e9 jsme schopni zajistit konektivitu i v Brn\u011b a jeho \u0161irok\u00e9m okol\u00ed. Pozorn\u011b naslouch\u00e1me<br \/><a class=\"btn-read-more\" href=\"https:\/\/www.slapnet.cz\/\">Read More<\/a><\/p>\n","protected":false},"author":1,"featured_media":0,"parent":0,"menu_order":0,"comment_status":"closed","ping_status":"closed","template":"","meta":[],"_links":{"self":[{"href":"https:\/\/www.slapnet.cz\/index.php?rest_route=\/wp\/v2\/pages\/35"}],"collection":[{"href":"https:\/\/www.slapnet.cz\/index.php?rest_route=\/wp\/v2\/pages"}],"about":[{"href":"https:\/\/www.slapnet.cz\/index.php?rest_route=\/wp\/v2\/types\/page"}],"author":[{"embeddable":true,"href":"https:\/\/www.slapnet.cz\/index.php?rest_route=\/wp\/v2\/users\/1"}],"replies":[{"embeddable":true,"href":"https:\/\/www.slapnet.cz\/index.php?rest_route=%2Fwp%2Fv2%2Fcomments&post=35"}],"version-history":[{"count":39,"href":"https:\/\/www.slapnet.cz\/index.php?rest_route=\/wp\/v2\/pages\/35\/revisions"}],"predecessor-version":[{"id":964,"href":"https:\/\/www.slapnet.cz\/index.php?rest_route=\/wp\/v2\/pages\/35\/revisions\/964"}],"wp:attachment":[{"href":"https:\/\/www.slapnet.cz\/index.php?rest_route=%2Fwp%2Fv2%2Fmedia&parent=35"}],"curies":[{"name":"wp","href":"https:\/\/api.w.org\/{rel}","templated":true}]}}