{"id":355,"date":"2018-05-07T14:24:45","date_gmt":"2018-05-07T12:24:45","guid":{"rendered":"http:\/\/www.slapnet.cz\/?page_id=355"},"modified":"2018-05-07T22:31:25","modified_gmt":"2018-05-07T20:31:25","slug":"speedtest","status":"publish","type":"page","link":"https:\/\/www.slapnet.cz\/?page_id=355","title":{"rendered":"Test rychlosti"},"content":{"rendered":"<h4><span class=\"hlvni-nadpis\" style=\"color: #000000;\">Ov\u011b\u0159en\u00ed aktu\u00e1ln\u00ed dostupnost a rychlosti Va\u0161eho p\u0159ipojen\u00ed.<\/span><\/h4>\n<p><strong>Ve\u0159ejn\u00e1 s\u00ed\u0165<\/strong> &#8211; internet:<br \/>\n\n<!-- iframe plugin v.4.5 wordpress.org\/plugins\/iframe\/ -->\n<iframe src=\"http:\/\/openspeedtest.com\/Get-widget.php\" width=\"700\" scrolling=\"no\" height=\"410\" frameborder=\"0\" class=\"iframe-class\"><\/iframe>\n<\/p>\n<p><strong>Vnit\u0159n\u00ed s\u00ed\u0165<\/strong> &#8211; pouze pro klienty s\u00edt\u011b \u0160lap.Net:<br \/>\n\n<!-- iframe plugin v.4.5 wordpress.org\/plugins\/iframe\/ -->\n<iframe src=\"http:\/\/speedtest.slapnet.cz\" width=\"700\" scrolling=\"no\" height=\"420\" frameborder=\"0\" class=\"iframe-class\"><\/iframe>\n<\/p>\n","protected":false},"excerpt":{"rendered":"<p>Ov\u011b\u0159en\u00ed aktu\u00e1ln\u00ed dostupnost a rychlosti Va\u0161eho p\u0159ipojen\u00ed. Ve\u0159ejn\u00e1 s\u00ed\u0165 &#8211; internet: Vnit\u0159n\u00ed s\u00ed\u0165 &#8211; pouze pro klienty s\u00edt\u011b \u0160lap.Net:<\/p>\n","protected":false},"author":1,"featured_media":0,"parent":0,"menu_order":0,"comment_status":"closed","ping_status":"closed","template":"","meta":[],"_links":{"self":[{"href":"https:\/\/www.slapnet.cz\/index.php?rest_route=\/wp\/v2\/pages\/355"}],"collection":[{"href":"https:\/\/www.slapnet.cz\/index.php?rest_route=\/wp\/v2\/pages"}],"about":[{"href":"https:\/\/www.slapnet.cz\/index.php?rest_route=\/wp\/v2\/types\/page"}],"author":[{"embeddable":true,"href":"https:\/\/www.slapnet.cz\/index.php?rest_route=\/wp\/v2\/users\/1"}],"replies":[{"embeddable":true,"href":"https:\/\/www.slapnet.cz\/index.php?rest_route=%2Fwp%2Fv2%2Fcomments&post=355"}],"version-history":[{"count":12,"href":"https:\/\/www.slapnet.cz\/index.php?rest_route=\/wp\/v2\/pages\/355\/revisions"}],"predecessor-version":[{"id":900,"href":"https:\/\/www.slapnet.cz\/index.php?rest_route=\/wp\/v2\/pages\/355\/revisions\/900"}],"wp:attachment":[{"href":"https:\/\/www.slapnet.cz\/index.php?rest_route=%2Fwp%2Fv2%2Fmedia&parent=355"}],"curies":[{"name":"wp","href":"https:\/\/api.w.org\/{rel}","templated":true}]}}