{"id":378,"date":"2018-05-18T08:54:09","date_gmt":"2018-05-18T06:54:09","guid":{"rendered":"http:\/\/www.slapnet.cz\/?page_id=378"},"modified":"2018-05-18T09:10:54","modified_gmt":"2018-05-18T07:10:54","slug":"gdpr","status":"publish","type":"page","link":"https:\/\/www.slapnet.cz\/?page_id=378","title":{"rendered":"GDPR"},"content":{"rendered":"<h4><strong> <\/strong><\/h4>\n<h4><strong>Informace o zpracov\u00e1n\u00ed osobn\u00edch \u00fadaj\u016f<\/strong><\/h4>\n<p>Tento dokument poskytuje informace o zp\u016fsobu zpracov\u00e1n\u00ed osobn\u00edch dat v s\u00edti \u0160lap.Net, Franti\u0161ek Hegr, Dlouh\u00e1 66, \u0160lapanice, I\u010cO 62881175 a o pr\u00e1vech s nimi souvisej\u00edc\u00edch. N\u00ed\u017ee uveden\u00e9 informace se t\u00fdkaj\u00ed hlavn\u011b klient\u016f, z\u00e1kazn\u00edk\u016f, dodavatel\u016f a osob, kte\u0159\u00ed vyu\u017e\u00edvaj\u00ed na\u0161ich slu\u017eeb, nebo bylo jedn\u00e1no.<\/p>\n<p><strong>V r\u00e1mci provozu jsou uchov\u00e1van\u00e9 u v\u00fd\u0161e uveden\u00fdch osob\u00e1ch, n\u00e1sleduj\u00edc\u00ed informace:<br \/>\n<\/strong><\/p>\n<ul>\n<li style=\"padding-left: 30px;\">Identifika\u010dn\u00ed a kontaktn\u00ed \u00fadaje kontaktn\u00edch a opr\u00e1vn\u011bn\u00fdch osob \u2013 zejm\u00e9na jm\u00e9no, p\u0159\u00edjmen\u00ed, e-mail, telefon, pracovn\u00ed pozice, tituly, kter\u00e9 byl poskytnut za \u00fa\u010delem jedn\u00e1n\u00ed, uzav\u0159en\u00ed smlouvy, pln\u011bn\u00ed smlouvy a n\u00e1sledn\u00e9ho servisu, apod.<\/li>\n<\/ul>\n<p>Tyto \u00fadaje sb\u00edr\u00e1me v rozsahu nezbytn\u011b nutn\u00e9m.<\/p>\n<p><strong>Data jsou vyu\u017e\u00edv\u00e1na n\u00e1sleduj\u00edc\u00edm zp\u016fsobem:<\/strong><\/p>\n<p>Data jsou prim\u00e1rn\u011b u\u017e\u00edv\u00e1na ke komunikaci s klientem, \u0159e\u0161en\u00edm jeho po\u017eadavk\u016f, k zaji\u0161t\u011bn\u00ed funk\u010dn\u00edch slu\u017eeb u klienta\u00a0a spln\u011bn\u00ed z\u00e1konn\u00fdch po\u017eadavk\u016f v\u010detn\u011b poplatk\u016f za slu\u017eby. \u00dadaje byly poskytnuty dobrovoln\u011b, av\u0161ak bez nich by nebylo mo\u017en\u00e9 realizovat dod\u00e1van\u00e9 slu\u017eby.<\/p>\n<p>Pokud n\u00e1m ud\u011bl\u00ed klient souhlas, je jeho jm\u00e9no a p\u0159\u00edjmen\u00ed vyu\u017eito v\u00a0na\u0161ich referenc\u00edch.<\/p>\n<p>D\u00e1le m\u016f\u017eeme zas\u00edlat marketingov\u00e1 \u010di informa\u010dn\u00ed zd\u011blen\u00ed. Pokud jste na\u0161\u00edm klientem, tak to z\u00e1kon a obecn\u00e9 na\u0159\u00edzen\u00ed umo\u017e\u0148uje bez p\u0159edchoz\u00edho souhlasu. Pokud nejste na\u0161im klientem, tak zde si nejd\u0159\u00edve vy\u017e\u00e1d\u00e1me souhlas, ne\u017e tato sd\u011blen\u00ed za\u0161leme.<\/p>\n<p>Oba v\u00fd\u0161e zm\u00edn\u011bn\u00e9 souhlasy, nejste povinni ud\u011blit a pokud je ud\u011bl\u00edte, m\u016f\u017eete je kdykoliv odvolat odeslan\u00fdm e-mailem na adresu <a href=\"mailto:stand@stand.cz\">hegr@slapnet.cz<\/a> nebo telefonicky na 530506630, p\u0159\u00edpadn\u011b pokud jste n\u00e1m souhlas ud\u011blili p\u0159es internet v\u00a0aplikaci pro newslettery, tak ho lze i stejn\u011b odvolat.<\/p>\n<p>\u00dadaje, kter\u00e9 uvedete p\u0159i e-mailov\u00e9 komunikaci, z\u016fst\u00e1vaj\u00ed zachov\u00e1ny na e-mailov\u00e9m serveru.<\/p>\n<p>Na\u0161e webov\u00e9 str\u00e1nky obsahuj\u00ed odkazy na webov\u00e9 str\u00e1nky jin\u00fdch firem \u010di klienty uveden\u00fdch jako na\u0161e reference. Na t\u011bchto str\u00e1nk\u00e1ch neneseme\u00a0odpov\u011bdn\u00e1 za ochranu osobn\u00edch \u00fadaj\u016f \u010di obsah webov\u00fdch str\u00e1nek, proto doporu\u010dujeme si p\u0159e\u010d\u00edst informace o zpracov\u00e1n\u00ed osobn\u00edch \u00fadaj\u016f uv\u00e1d\u011bn\u00e9 na nav\u0161t\u00edven\u00fdch webov\u00fdch str\u00e1nk\u00e1ch.<\/p>\n<h4><strong>Jak dlouho va\u0161e \u00fadaje dr\u017e\u00edme?<\/strong><\/h4>\n<p>V\u00fd\u0161e zm\u00edn\u011bn\u00e9 osobn\u00ed \u00fadaje jsou ukl\u00e1d\u00e1na po dobu danou z\u00e1konn\u00fdmi p\u0159edpisy a opr\u00e1vn\u011bn\u00fdmi z\u00e1jmy spole\u010dnosti, p\u0159\u00edpadn\u011b po dobu ud\u011blen\u00ed souhlasu. Po uplynut\u00ed p\u0159\u00edslu\u0161n\u00fdch dob jsou data maz\u00e1na.<\/p>\n<p>Va\u0161e kontaktn\u00ed informace jsou dr\u017eeny po celou dobu trv\u00e1n\u00ed na\u0161\u00ed spolupr\u00e1ce a n\u00e1sledn\u011b po jej\u00edm ukon\u010den\u00ed je\u0161t\u011b dobu nezbytn\u011b nutnou pro p\u0159\u00edpadn\u00e9 reklamace \u010di pro \u00fa\u010dely obhajoby pr\u00e1vn\u00edch n\u00e1rok\u016f. Pokud dojde k\u00a0ukon\u010den\u00ed pracovn\u00edho pom\u011bru kontaktn\u00ed \u010di opr\u00e1vn\u011bn\u00e9 osoby, tak je opr\u00e1vn\u011bna n\u00e1s po\u017e\u00e1dat o v\u00fdmaz \u010di aktualizaci \u00fadaj\u016f.<\/p>\n<p>Informace uv\u00e1d\u011bn\u00e9 na da\u0148ov\u00fdch dokladech jsou dr\u017eeny 10 let od posledn\u00edho uzav\u0159en\u00e9ho obdob\u00ed nebo po dobu del\u0161\u00ed, v\u00a0p\u0159\u00edpad\u011b, \u017ee to vy\u017eaduje jin\u00fd z\u00e1konn\u00fd p\u0159edpis, tedy po dobu, kdy m\u016f\u017ee b\u00fdt \u00fa\u010detnictv\u00ed spole\u010dnosti p\u0159edm\u011btem finan\u010dn\u00ed kontroly.<\/p>\n<h4><strong>Jak\u00e9 \u00fadaje o v\u00e1s pot\u0159ebujeme? Jak m\u016f\u017eete ovlivnit zpracov\u00e1n\u00ed \u00fadaj\u016f?<\/strong><\/h4>\n<p>Pro napln\u011bn\u00ed smlouvy a zaji\u0161t\u011bn\u00ed bezprobl\u00e9mov\u00e9ho chodu poskytnut\u00e9ho slu\u017eeb pot\u0159ebujeme spolu komunikovat, tak\u017ee za t\u00edmto \u00fa\u010delem od v\u00e1s pot\u0159ebujeme va\u0161e identifika\u010dn\u00ed a kontaktn\u00ed \u00fadaje.<\/p>\n<p>D\u00e1le si po p\u0159edem stanovenou dobu dr\u017e\u00edme kontaktn\u00ed informace na osoby, se kter\u00fdmi jsme v minulosti jednali \u2013 zde je opr\u00e1vn\u011bn\u00fd z\u00e1jem rozv\u00edjet na\u0161e podnik\u00e1n\u00ed a \u00fajma ostatn\u00edch podnikatel\u016f nebo reprezentant\u016f spole\u010dnost\u00ed z dr\u017een\u00ed jejich kontaktn\u00edch informac\u00ed je minim\u00e1ln\u00ed, nebo\u0165 lze opr\u00e1vn\u011bn\u011b o\u010dek\u00e1vat, \u017ee jejich z\u00e1jmem je podobn\u00e9 kontakty tak\u00e9 dr\u017eet. Samoz\u0159ejm\u011b je zde mo\u017enost podat proti tomuto zpracov\u00e1n\u00ed n\u00e1mitku odeslanou e-mailem na adresu <a href=\"mailto:stand@stand.cz\">hegr@slapnet.cz<\/a> nebo telefonicky na 530506630.<\/p>\n<p>Pro zve\u0159ejn\u011bn\u00ed referenc\u00ed na na\u0161e \u0159e\u0161en\u00ed, v\u00e1s p\u00edsemn\u011b \u017e\u00e1d\u00e1me o souhlas, kter\u00fd nejste povinni ud\u011blit a pokud jej ud\u011bl\u00edte, m\u016f\u017eete jej kdykoliv odvolat na v\u00fd\u0161e uveden\u00fdch kontaktech.<\/p>\n<h4><strong>Va\u0161e dal\u0161\u00ed pr\u00e1va<\/strong><\/h4>\n<p>Va\u0161e data jsou zpracov\u00e1v\u00e1na transparentn\u011b, korektn\u011b a v souladu se z\u00e1konem.<\/p>\n<p>V souladu se \u010dl. 12 GDPR m\u016f\u017eete poslat \u017e\u00e1dost a uplatnit pr\u00e1vo na p\u0159\u00edstup k osobn\u00edm \u00fadaj\u016fm a k\u00a0n\u00e1sleduj\u00edc\u00edm informac\u00edm o:<\/p>\n<ul>\n<li style=\"padding-left: 30px;\">\u00fa\u010delu zpracov\u00e1n\u00ed,<\/li>\n<li style=\"padding-left: 30px;\">kategorii dot\u010den\u00fdch osobn\u00edch \u00fadaj\u016f,<\/li>\n<li style=\"padding-left: 30px;\">p\u0159\u00edjemci nebo kategorii p\u0159\u00edjemc\u016f, kter\u00fdm osobn\u00ed \u00fadaje byly nebo budou zp\u0159\u00edstupn\u011bny,<\/li>\n<li style=\"padding-left: 30px;\">pl\u00e1novan\u00e9 dob\u011b, po kterou budou osobn\u00ed \u00fadaje ulo\u017eeny,<\/li>\n<li style=\"padding-left: 30px;\">zdroji osobn\u00edch \u00fadaj\u016f, pokud nejsou z\u00edsk\u00e1ny p\u0159\u00edmo od V\u00e1s,<\/li>\n<li style=\"padding-left: 30px;\">skute\u010dnosti, zda doch\u00e1z\u00ed k\u00a0automatizovan\u00e9mu rozhodov\u00e1n\u00ed, v\u010detn\u011b profilov\u00e1n\u00ed.<\/li>\n<\/ul>\n<p>Pokud zjist\u00edte anebo se domn\u00edv\u00e1te, \u017ee prov\u00e1d\u00edme zpracov\u00e1n\u00ed Va\u0161ich osobn\u00edch \u00fadaj\u016f, kter\u00e9 je v rozporu s\u00a0ochranou Va\u0161eho soukrom\u00e9ho a osobn\u00edho \u017eivota nebo v rozporu se z\u00e1konem, m\u016f\u017eete n\u00e1s po\u017e\u00e1dat o vysv\u011btlen\u00ed, o opravu \u00fadaj\u016f nebo o v\u00fdmaz. V\u00fd\u0161e zm\u00edn\u011bn\u00e1 pr\u00e1va lze uplatnit odeslan\u00fdm e-mailem na adresu <a href=\"mailto:stand@stand.cz\">hegr@slapnet.cz<\/a> nebo telefonicky na 530506630. Pr\u00e1vo na v\u00fdmaz se v\u0161ak nevztahuje na p\u0159\u00edpady, kdy Va\u0161e \u00fadaje mus\u00edme zpracov\u00e1vat dle z\u00e1kona. Ostatn\u00ed data budou v\u0161ak nen\u00e1vratn\u011b vymaz\u00e1na a nebude mo\u017en\u00e9 nad\u00e1le poskytovat p\u0159\u00edpadn\u00e9 slu\u017eby.<\/p>\n<p>Tak\u00e9 m\u016f\u017eete podat st\u00ed\u017enost u \u00da\u0159adu pro ochranu osobn\u00edch \u00fadaj\u016f, p\u0159\u00edpadn\u011b u soudu.<\/p>\n<p>&nbsp;<\/p>\n","protected":false},"excerpt":{"rendered":"<p>Informace o zpracov\u00e1n\u00ed osobn\u00edch \u00fadaj\u016f Tento dokument poskytuje informace o zp\u016fsobu zpracov\u00e1n\u00ed osobn\u00edch dat v s\u00edti \u0160lap.Net, Franti\u0161ek Hegr, Dlouh\u00e1 66, \u0160lapanice, I\u010cO 62881175 a o pr\u00e1vech s nimi souvisej\u00edc\u00edch. N\u00ed\u017ee uveden\u00e9 informace se t\u00fdkaj\u00ed hlavn\u011b klient\u016f, z\u00e1kazn\u00edk\u016f, dodavatel\u016f a osob, kte\u0159\u00ed vyu\u017e\u00edvaj\u00ed na\u0161ich slu\u017eeb, nebo bylo jedn\u00e1no. V r\u00e1mci provozu jsou uchov\u00e1van\u00e9 u v\u00fd\u0161e<br \/><a class=\"btn-read-more\" href=\"https:\/\/www.slapnet.cz\/?page_id=378\">Read More<\/a><\/p>\n","protected":false},"author":1,"featured_media":0,"parent":8,"menu_order":0,"comment_status":"closed","ping_status":"closed","template":"","meta":[],"_links":{"self":[{"href":"https:\/\/www.slapnet.cz\/index.php?rest_route=\/wp\/v2\/pages\/378"}],"collection":[{"href":"https:\/\/www.slapnet.cz\/index.php?rest_route=\/wp\/v2\/pages"}],"about":[{"href":"https:\/\/www.slapnet.cz\/index.php?rest_route=\/wp\/v2\/types\/page"}],"author":[{"embeddable":true,"href":"https:\/\/www.slapnet.cz\/index.php?rest_route=\/wp\/v2\/users\/1"}],"replies":[{"embeddable":true,"href":"https:\/\/www.slapnet.cz\/index.php?rest_route=%2Fwp%2Fv2%2Fcomments&post=378"}],"version-history":[{"count":6,"href":"https:\/\/www.slapnet.cz\/index.php?rest_route=\/wp\/v2\/pages\/378\/revisions"}],"predecessor-version":[{"id":385,"href":"https:\/\/www.slapnet.cz\/index.php?rest_route=\/wp\/v2\/pages\/378\/revisions\/385"}],"up":[{"embeddable":true,"href":"https:\/\/www.slapnet.cz\/index.php?rest_route=\/wp\/v2\/pages\/8"}],"wp:attachment":[{"href":"https:\/\/www.slapnet.cz\/index.php?rest_route=%2Fwp%2Fv2%2Fmedia&parent=378"}],"curies":[{"name":"wp","href":"https:\/\/api.w.org\/{rel}","templated":true}]}}