{"id":4,"date":"2017-10-16T22:18:23","date_gmt":"2017-10-16T20:18:23","guid":{"rendered":"http:\/\/www.webpress.slapnet.cz\/?page_id=4"},"modified":"2025-03-01T16:35:40","modified_gmt":"2025-03-01T15:35:40","slug":"tarify","status":"publish","type":"page","link":"https:\/\/www.slapnet.cz\/?page_id=4","title":{"rendered":"Tarify"},"content":{"rendered":"<p><div class=\"ptsTableFrontedShell\">\r\n\t<!-- Style to display all tables correct-->\r\n\t<!-- this block will be remove in frontend.tables.editor.block.base after init -->\r\n\t<div class=\"ptsPreDisplayStyle\">\r\n\t\t<style>\r\n\t\t\t.ptsBlock {\r\n\t\t\t\topacity: 0;\r\n\t\t\t\tvisibility: hidden;\r\n\t\t\t}\r\n\t\t<\/style>\r\n\t<\/div>\r\n\t<div id=\"ptsBlock_782497\" data-original-id=\"1\" class=\"ptsBlock \" data-id=\"14\">\n\t\t\t<style type=\"text\/css\" class=\"ptsBlockStyle\">#ptsBlock_782497 {\n    width: 100%;\n  }\n#ptsBlock_782497 .ptsCol {\n    \t  \t\twidth: 25%;\n  \t    \n  padding: 0 10px;\n}\n#ptsBlock_782497 .ptsCol .ptsTableElementContent .ptsRows {\n \tbackground-color: #f5f5f5;\n}\n#ptsBlock_782497 .ptsCol .ptsColHeader {\n\tpadding: 15px;\n}\n#ptsBlock_782497 .ptsCol .ptsColDesc {\n\tpadding: 30px 15px;\n}\n#ptsBlock_782497 .ptsCol .ptsRows {\n  \tborder: 1px solid #d2d2d2;\n  \tborder-top-width: 0;\n  \tborder-bottom-width: 0;\n}\n#ptsBlock_782497 .ptsCol .ptsCell {\n\tpadding: 12px;\n  \tborder-bottom: 1px solid #d2d2d2;\n  \tborder-top: 1px solid #fff;\n}\n#ptsBlock_782497 .ptsCol .ptsCell:last-of-type {\n\tborder-bottom: none;\n}\n#ptsBlock_782497 .ptsCol .ptsColFooter {\n\tpadding: 20px;\n  \tborder: 1px solid #d2d2d2;\n  \tbackground-image: linear-gradient(to bottom, #ffffff, #e1e1e1);\n}\n#ptsBlock_782497 .ptsCol .ptsActBtn {\n\twidth: 100%;\n  \tborder-radius: 3px;\n  \tcursor: pointer;\n}\n#ptsBlock_782497 .ptsCol .ptsActBtn .ptsEditArea {\n\tfont-size: 1.4em;\n  \twidth: 100%;\n  \tpadding: 10px 0;\n  \ttext-decoration: none !important;\n  \tborder: none !important;\n}\n#ptsBlock_782497 .ptsTableDescCol {\n    \tdisplay: none;\n  }\n#ptsBlock_782497 .ptsCol.ptsTableDescCol .ptsColHeader,\n#ptsBlock_782497 .ptsCol.ptsTableDescCol .ptsColDesc,\n#ptsBlock_782497 .ptsCol.ptsTableDescCol .ptsColFooter {\n\tvisibility: hidden;\n}\n#ptsBlock_782497 p {\n\tmargin: 0;\n}\n\/*Animations*\/\n#ptsBlock_782497 .ptsCol .ptsTableElementContent,\n#ptsBlock_782497 .ptsCol .ptsTableElementContent span {\n\ttransition: box-shadow 0.3s ease, margin 0.3s ease, font 0.3s ease;\n  \t-webkit-transition: box-shadow 0.3s ease, margin 0.3s ease, font 0.3s ease;\n    -moz-transition: box-shadow 0.3s ease, margin 0.3s ease, font 0.3s ease;\n    -ms-transition: box-shadow 0.3s ease, margin 0.3s ease, font 0.3s ease;\n    -o-transition: box-shadow 0.3s ease, margin 0.3s ease, font 0.3s ease;\n}\n#ptsBlock_782497 .ptsCol.hover .ptsTableElementContent {\n\tz-index: 101;\n  \tbox-shadow: 0 0 10px rgba(0, 0, 0, 0.5);\n  \t-webkit-box-shadow: 0 0 10px rgba(0, 0, 0, 0.5);\n\t-moz-box-shadow: 0 0 10px rgba(0, 0, 0, 0.5);\n\tmargin-top: -20px;\n}\n#ptsBlock_782497 .ptsCol .ptsActBtn:hover {\n\tbackground-color: #d2d2d2;\n}#ptsBlock_782497 span, #ptsBlock_782497 p {\n\tword-break: break-word;\n}\n\/*Colors set*\/\n#ptsBlock_782497 .ptsCol .ptsColHeader {\n  \tcolor: #fff;\n}\n#ptsBlock_782497 .ptsCol .ptsColDesc {\n  \tcolor: #fff;\n}\n#ptsBlock_782497 .ptsCol .ptsRows {\n  \tcolor: #666;\n}\n\n\n\/*start for col color 1*\/\n#ptsBlock_782497 .ptsCol-1 .ptsColHeader {\n\tbackground-color: #e4c800ff;\n}\n#ptsBlock_782497 .ptsCol-1 .ptsColDesc,\n#ptsBlock_782497 .ptsCol-1 .ptsActBtn:hover {\n\tbackground-color: #c1a500;\n}\n#ptsBlock_782497 .ptsCol-1 .ptsActBtn {\n\tbackground-color: #e4c800ff;\n}\n\/*end for col color 1*\/\/*start for col color 2*\/\n#ptsBlock_782497 .ptsCol-2 .ptsColHeader {\n\tbackground-color: #93c230ff;\n}\n#ptsBlock_782497 .ptsCol-2 .ptsColDesc,\n#ptsBlock_782497 .ptsCol-2 .ptsActBtn:hover {\n\tbackground-color: #709f0d;\n}\n#ptsBlock_782497 .ptsCol-2 .ptsActBtn {\n\tbackground-color: #93c230ff;\n}\n\/*end for col color 2*\/\/*start for col color 3*\/\n#ptsBlock_782497 .ptsCol-3 .ptsColHeader {\n\tbackground-color: #f03d00ff;\n}\n#ptsBlock_782497 .ptsCol-3 .ptsColDesc,\n#ptsBlock_782497 .ptsCol-3 .ptsActBtn:hover {\n\tbackground-color: #cd1a00;\n}\n#ptsBlock_782497 .ptsCol-3 .ptsActBtn {\n\tbackground-color: #f03d00ff;\n}\n\/*end for col color 3*\/\/*start for col color 4*\/\n#ptsBlock_782497 .ptsCol-4 .ptsColHeader {\n\tbackground-color: #8e009fff;\n}\n#ptsBlock_782497 .ptsCol-4 .ptsColDesc,\n#ptsBlock_782497 .ptsCol-4 .ptsActBtn:hover {\n\tbackground-color: #6b007c;\n}\n#ptsBlock_782497 .ptsCol-4 .ptsActBtn {\n\tbackground-color: #8e009fff;\n}\n\/*end for col color 4*\/\/*start for col color 5*\/\n#ptsBlock_782497 .ptsCol-5 .ptsColHeader {\n\tbackground-color: #356fd6ff;\n}\n#ptsBlock_782497 .ptsCol-5 .ptsColDesc,\n#ptsBlock_782497 .ptsCol-5 .ptsActBtn:hover {\n\tbackground-color: #124cb3;\n}\n#ptsBlock_782497 .ptsCol-5 .ptsActBtn {\n\tbackground-color: #356fd6ff;\n}\n\/*end for col color 5*\/<\/style>\n\t\t\t\t<div class=\"ptsBlockContent\"><div class=\"ptsContainer\">\n\t<div class=\"ptsColsWrapper ui-sortable\">\n\t\t\t\t<div class=\"ptsEl ptsCol ptsCol-0 ptsTableDescCol ptsElWithArea\" data-el=\"table_col_desc\" data-color=\"#f5f5f5\" style=\"width: 25%;display: none;min-height: auto\">\n\t\t\t<div class=\"ptsTableElementContent ptsElArea\">\n\t\t\t\t<div class=\"ptsColHeader ptsCell ptsShow\" style=\"height: 48px\">\n\t\t\t\t\t<div class=\"ptsEl\" data-el=\"table_cell_txt\" data-type=\"txt\"><p><br><\/p><\/div>\n\t\t\t\t<\/div>\n\t\t\t\t<div class=\"ptsColDesc ptsShow\" style=\"height: 143px\">\n\t\t\t\t\t<div class=\"ptsEl\" data-el=\"table_cell_txt\" data-type=\"txt\"><p><br><\/p><\/div>\n\t\t\t\t<\/div>\n\t\t\t\t<div class=\"ptsRows ui-sortable\" style=\"height: auto\">\n\t\t\t\t\t<div class=\"ptsCell\" style=\"height: 49px\">\n\t\t\t\t\t\t<div class=\"ptsEl\" data-el=\"table_cell_txt\" data-type=\"txt\"><p><span style=\"font-size: 12pt\" data-mce-style=\"font-size: 12pt;\">Accounts<\/span><\/p><\/div>\n\t\t\t\t\t<\/div><div class=\"ptsCell\" style=\"height: 48px\">\n\t\t\t\t\t\t<div class=\"ptsEl\" data-el=\"table_cell_txt\" data-type=\"txt\"><p><span style=\"font-size: 12pt\" data-mce-style=\"font-size: 12pt;\">Accounts<\/span><\/p><\/div>\n\t\t\t\t\t<\/div>\n\t\t\t\t\t<div class=\"ptsCell\" style=\"height: 48px\">\n\t\t\t\t\t\t<div class=\"ptsEl\" data-el=\"table_cell_txt\" data-type=\"txt\"><p><span style=\"font-size: 12pt\" data-mce-style=\"font-size: 12pt;\">Free Trial<\/span><\/p><\/div>\n\t\t\t\t\t<\/div>\n\t\t\t\t\t<div class=\"ptsCell\" style=\"height: 48px\">\n\t\t\t\t\t\t<div class=\"ptsEl\" data-el=\"table_cell_txt\" data-type=\"txt\"><p><span style=\"font-size: 12pt\" data-mce-style=\"font-size: 12pt;\">Projects<\/span><\/p><\/div>\n\t\t\t\t\t<\/div>\n\t\t\t\t\t<div class=\"ptsCell\" style=\"height: 48px\">\n\t\t\t\t\t\t<div class=\"ptsEl\" data-el=\"table_cell_txt\" data-type=\"txt\"><p><span style=\"font-size: 12pt\" data-mce-style=\"font-size: 12pt;\">SSL<\/span><\/p><\/div>\n\t\t\t\t\t<\/div>\n\t\t\t\t\t\n\t\t\t\t\t\n\t\t\t\t\t\n\t\t\t\t<div class=\"ptsCell\" style=\"height: 47px\">\n\t<div class=\"ptsEl\" data-el=\"table_cell_txt\" data-type=\"txt\"><p><span style=\"font-size: 12pt\" data-mce-style=\"font-size: 12pt;\">Your Text<\/span><\/p><\/div>\n<\/div><\/div>\n\t\t\t\t<div class=\"ptsColFooter ptsHide\" style=\"height: 0px;display: none\"><\/div>\n\t\t\t<\/div>\n\t\t<\/div>\n\t\t\t\t\n\t\t\n\t\t<div class=\"ptsEl ptsCol ptsElWithArea ptsCol-1\" data-color=\"#e4c800ff\" data-el=\"table_col\" data-enb-color=\"1\" style=\"position: relative;left: 0px;top: 0px;width: 25%;min-height: auto\">\n\t\t\t<div class=\"ptsTableElementContent ptsElArea\">\n\t\t\t\t<div class=\"ptsColHeader ptsCell ptsShow\" style=\"height: 48px\">\n\t\t\t\t\t<div class=\"ptsEl\" data-el=\"table_cell_txt\" data-type=\"txt\"><p><span style=\"font-size: 12pt\" data-mce-style=\"font-size: 12pt;\">Mini A3<br><\/span><\/p><\/div>\n\t\t\t\t<\/div>\n\t\t\t\t<div class=\"ptsColDesc ptsShow\" style=\"height: 143px\">\n\t\t\t\t\t<div class=\"ptsEl\" data-el=\"table_cell_txt\" data-type=\"txt\"><p><span style=\"font-size: 36pt\" data-mce-style=\"font-size: 36pt;\">180,-<br><\/span><\/p><p>K\u010d\/m\u011bs\u00edc<\/p><\/div>\n\t\t\t\t<\/div>\n\t\t\t\t<div class=\"ptsRows ui-sortable\" style=\"height: auto\">\n\t\t\t\t\t<div class=\"ptsCell\" style=\"height: 49px\">\n\t\t\t\t\t\t\n\t\t\t\t\t<div class=\"ptsEl\" data-el=\"table_cell_txt\" data-type=\"txt\"><p><span style=\"font-size: 12pt;color: #e4c800\" data-mce-style=\"font-size: 12pt; color: #e4c800;\"><span style=\"font-size: 12pt\" data-mce-style=\"font-size: 12pt;\"><span style=\"font-family: arial black, sans-serif\" data-mce-style=\"font-family: arial black, sans-serif;\"><a style=\"color: #e4c800\" href=\"https:\/\/www.slapnet.cz\/?page_id=613\" data-mce-style=\"color: #e4c800;\">BTC:&nbsp; 0,000<\/a>2<span style=\"font-family: arial, helvetica, sans-serif\" data-mce-style=\"font-family: arial, helvetica, sans-serif;\"><a style=\"color: #e4c800\" href=\"https:\/\/www.slapnet.cz\/?page_id=613\" data-mce-style=\"color: #e4c800;\"> \/m\u011bs\u00edc<\/a>.<\/span><\/span><\/span><\/span><\/p><\/div><\/div><div class=\"ptsCell\" style=\"height: 48px\">\n\t\t\t\t\t\t<div class=\"ptsEl\" data-el=\"table_cell_txt\" data-type=\"txt\"><p><span style=\"font-size: 12pt\" data-mce-style=\"font-size: 12pt;\">Rychlost stahov\u00e1n\u00ed 2,5 Mbps<br><\/span><\/p><\/div>\n\t\t\t\t\t<\/div>\n\t\t\t\t\t<div class=\"ptsCell\" style=\"height: 48px\">\n\t\t\t\t\t\t<div class=\"ptsEl\" data-el=\"table_cell_txt\" data-type=\"txt\"><p><span style=\"font-size: 12pt\" data-mce-style=\"font-size: 12pt;\">Rychlost odes\u00edl\u00e1n\u00ed 512 kbps<br><\/span><\/p><\/div>\n\t\t\t\t\t<\/div>\n\t\t\t\t\t<div class=\"ptsCell\" style=\"height: 48px\">\n\t\t\t\t\t\t<div class=\"ptsEl\" data-el=\"table_cell_txt\" data-type=\"txt\"><p><span style=\"font-size: 12pt\" data-mce-style=\"font-size: 12pt;\">IP TV&nbsp; - ne<\/span><\/p><\/div>\n\t\t\t\t\t<\/div>\n\t\t\t\t\t<div class=\"ptsCell\" style=\"height: 48px\">\n\t\t\t\t\t\t<div class=\"ptsEl\" data-el=\"table_cell_txt\" data-type=\"txt\"><p><span style=\"font-size: 12pt\" data-mce-style=\"font-size: 12pt;\">Ve\u0159ejn\u00e1 IP - ne<\/span><\/p><\/div>\n\t\t\t\t\t<\/div>\n\t\t\t\t\t<div class=\"ptsCell\" style=\"height: 47px\">\n\t\t\t\t\t\t<div class=\"ptsEl\" data-el=\"table_cell_txt\" data-type=\"txt\"><p><span style=\"font-size: 12pt\" data-mce-style=\"font-size: 12pt;\">FUP 1,5 GB\/den<br><\/span><\/p><\/div>\n\t\t\t\t\t<\/div>\n\t\t\t\t\t\n\t\t\t\t\t\n\t\t\t\t<\/div>\n\t\t\t\t<div class=\"ptsColFooter ptsHide\" style=\"height: 0px;display: none\">\n\t\t\t\t\t<div class=\"ptsActBtn ptsEl ptsElInput\" data-el=\"btn\" data-bgcolor-to=\"txt\" data-bgcolor-elements=\".ptsEditArea\">\n\t\t\t\t\t\t<a target=\"_blank\" href=\"https:\/\/supsystic.com\/\" class=\"ptsEditArea ptsInputShell\" style=\"color: #fff\">Sign up!<\/a>\n\t\t\t\t\t<\/div>\n\t\t\t\t<\/div>\n\t\t\t<\/div>\n\t\t<\/div><div class=\"ptsEl ptsCol ptsElWithArea ptsCol-2\" data-color=\"#f03d00ff\" data-el=\"table_col\" data-enb-color=\"1\" style=\"position: relative;left: 0px;top: 0px;width: 25%;height: auto;min-height: auto\">\n\t\t\t<div class=\"ptsTableElementContent ptsElArea\">\n\t\t\t\t<div class=\"ptsColHeader ptsCell ptsShow\" style=\"height: 48px\">\n\t\t\t\t\t<div class=\"ptsEl\" data-el=\"table_cell_txt\" data-type=\"txt\"><p><span style=\"font-size: 12pt\" data-mce-style=\"font-size: 12pt;\">New A22<br><\/span><\/p><\/div>\n\t\t\t\t<\/div>\n\t\t\t\t<div class=\"ptsColDesc ptsShow\" style=\"height: 143px\">\n\t\t\t\t\t<div class=\"ptsEl\" data-el=\"table_cell_txt\" data-type=\"txt\"><p><span style=\"font-size: 36pt\" data-mce-style=\"font-size: 36pt;\">340,-<br><\/span><\/p><p>K\u010d\/m\u011bs\u00edc<\/p><\/div>\n\t\t\t\t<\/div>\n\t\t\t\t<div class=\"ptsRows ui-sortable\" style=\"height: auto\">\n\t\t\t\t\t<div class=\"ptsCell\" style=\"height: 49px\">\n\t\t\t\t\t\t<div class=\"ptsEl\" data-el=\"table_cell_txt\" data-type=\"txt\"><p><span style=\"font-size: 12pt;color: #f03d00;font-family: arial black, sans-serif\" data-mce-style=\"font-size: 12pt; color: #f03d00; font-family: arial black, sans-serif;\"><span style=\"font-size: 12pt\" data-mce-style=\"font-size: 12pt;\"><span style=\"color: #f03d00\" data-mce-style=\"color: #f03d00;\"><a style=\"color: #f03d00\" href=\"https:\/\/www.slapnet.cz\/?page_id=613\" data-mce-style=\"color: #f03d00;\">BTC:&nbsp; 0,000<\/a>3<\/span><span style=\"font-family: arial, helvetica, sans-serif\" data-mce-style=\"font-family: arial, helvetica, sans-serif;\"><span style=\"color: #f03d00\" data-mce-style=\"color: #f03d00;\"><a style=\"color: #f03d00\" href=\"https:\/\/www.slapnet.cz\/?page_id=613\" data-mce-style=\"color: #f03d00;\"> \/m\u011bs\u00edc<\/a><\/span>.<\/span><\/span><\/span><\/p><\/div>\n\t\t\t\t\t<\/div><div class=\"ptsCell\" style=\"height: 48px\">\n\t\t\t\t\t\t<div class=\"ptsEl\" data-el=\"table_cell_txt\" data-type=\"txt\"><p><span style=\"font-size: 12pt\" data-mce-style=\"font-size: 12pt;\">Rychlost stahov\u00e1n\u00ed a\u017e 22 Mbps<br><\/span><\/p><\/div>\n\t\t\t\t\t<\/div>\n\t\t\t\t\t<div class=\"ptsCell\" style=\"height: 48px\">\n\t\t\t\t\t\t<div class=\"ptsEl\" data-el=\"table_cell_txt\" data-type=\"txt\"><p><span style=\"font-size: 12pt\" data-mce-style=\"font-size: 12pt;\">Rychlost odes\u00edl\u00e1n\u00ed a\u017e 3 Mbps<br><\/span><\/p><\/div>\n\t\t\t\t\t<\/div>\n\t\t\t\t\t<div class=\"ptsCell\" style=\"height: 48px\">\n\t\t\t\t\t\t<div class=\"ptsEl\" data-el=\"table_cell_txt\" data-type=\"txt\"><p><span style=\"font-size: 12pt\" data-mce-style=\"font-size: 12pt;\">A\u017e 54 TV kan\u00e1lu za p\u0159\u00edplatek<br><\/span><\/p><\/div>\n\t\t\t\t\t<\/div>\n\t\t\t\t\t<div class=\"ptsCell\" style=\"height: 48px\">\n\t\t\t\t\t\t<div class=\"ptsEl\" data-el=\"table_cell_txt\" data-type=\"txt\"><p><span style=\"font-size: 12pt\" data-mce-style=\"font-size: 12pt;\">Ve\u0159ejn\u00e1 IP - ne<\/span><\/p><\/div>\n\t\t\t\t\t<\/div>\n\t\t\t\t\t<div class=\"ptsCell\" style=\"height: 47px\">\n\t\t\t\t\t\t<div class=\"ptsEl\" data-el=\"table_cell_txt\" data-type=\"txt\"><p><span style=\"font-size: 12pt\" data-mce-style=\"font-size: 12pt;\">Bez limitu dat<\/span><\/p><\/div>\n\t\t\t\t\t<\/div>\n\t\t\t\t\t\n\t\t\t\t\t\n\t\t\t\t<\/div>\n\t\t\t\t<div class=\"ptsColFooter ptsHide\" style=\"height: 0px;display: none\">\n\t\t\t\t\t<div class=\"ptsActBtn ptsEl ptsElInput\" data-el=\"btn\" data-bgcolor-to=\"txt\" data-bgcolor-elements=\".ptsEditArea\">\n\t\t\t\t\t\t<a target=\"_blank\" href=\"https:\/\/supsystic.com\/\" class=\"ptsEditArea ptsInputShell\" style=\"color: #fff\">Sign up!<\/a>\n\t\t\t\t\t<\/div>\n\t\t\t\t<\/div>\n\t\t\t<\/div>\n\t\t<\/div>\n\t\t\n\t<div class=\"ptsEl ptsCol ptsElWithArea ptsCol-3\" data-color=\"#8e009fff\" data-el=\"table_col\" data-enb-color=\"1\" style=\"position: relative;left: 0px;top: 0px;width: 25%;height: auto;min-height: auto\">\n\t\t\t<div class=\"ptsTableElementContent ptsElArea\">\n\t\t\t\t<div class=\"ptsColHeader ptsCell ptsShow\" style=\"height: 48px\">\n\t\t\t\t\t<div class=\"ptsEl\" data-el=\"table_cell_txt\" data-type=\"txt\"><p><span style=\"font-size: 12pt\" data-mce-style=\"font-size: 12pt;\">Maxi A20<br><\/span><\/p><\/div>\n\t\t\t\t<\/div>\n\t\t\t\t<div class=\"ptsColDesc ptsShow\" style=\"height: 143px\">\n\t\t\t\t\t<div class=\"ptsEl\" data-el=\"table_cell_txt\" data-type=\"txt\"><p><span style=\"font-size: 36pt\" data-mce-style=\"font-size: 36pt;\">400,-<br><\/span><\/p><p>K\u010d\/m\u011bs\u00edc<\/p><\/div>\n\t\t\t\t<\/div>\n\t\t\t\t<div class=\"ptsRows ui-sortable\" style=\"height: auto\">\n\t\t\t\t\t<div class=\"ptsCell\" style=\"height: 49px\">\n\t\t\t\t\t\t<div class=\"ptsEl\" data-el=\"table_cell_txt\" data-type=\"txt\"><p><span style=\"font-size: 12pt;color: #8e009f;font-family: arial black, sans-serif\" data-mce-style=\"font-size: 12pt; color: #8e009f; font-family: arial black, sans-serif;\"><a style=\"color: #8e009f\" href=\"https:\/\/www.slapnet.cz\/?page_id=613\" data-mce-style=\"color: #8e009f;\">BTC:&nbsp; 0,00<\/a>04<span style=\"font-family: arial, helvetica, sans-serif\" data-mce-style=\"font-family: arial, helvetica, sans-serif;\"><a style=\"color: #8e009f\" href=\"https:\/\/www.slapnet.cz\/?page_id=613\" data-mce-style=\"color: #8e009f;\"> \/m\u011bs\u00edc<\/a>.<\/span><\/span><\/p><\/div>\n\t\t\t\t\t<\/div><div class=\"ptsCell\" style=\"height: 48px\">\n\t\t\t\t\t\t<div class=\"ptsEl\" data-el=\"table_cell_txt\" data-type=\"txt\"><p><span style=\"font-size: 12pt\" data-mce-style=\"font-size: 12pt;\">Rychlost stahov\u00e1n\u00ed 30 Mbps<br><\/span><\/p><\/div>\n\t\t\t\t\t<\/div>\n\t\t\t\t\t<div class=\"ptsCell\" style=\"height: 48px\">\n\t\t\t\t\t\t<div class=\"ptsEl\" data-el=\"table_cell_txt\" data-type=\"txt\"><p><span style=\"font-size: 12pt\" data-mce-style=\"font-size: 12pt;\">Rychlost odes\u00edl\u00e1n\u00ed 5 Mbps<br><\/span><\/p><\/div>\n\t\t\t\t\t<\/div>\n\t\t\t\t\t<div class=\"ptsCell\" style=\"height: 48px\">\n\t\t\t\t\t\t<div class=\"ptsEl\" data-el=\"table_cell_txt\" data-type=\"txt\"><p><span style=\"font-size: 12pt\" data-mce-style=\"font-size: 12pt;\">A\u017e 54 <\/span><span style=\"font-size: 12pt\" data-mce-style=\"font-size: 12pt;\">TV kan\u00e1lu za p\u0159\u00edplatek<\/span><\/p><\/div>\n\t\t\t\t\t<\/div>\n\t\t\t\t\t<div class=\"ptsCell\" style=\"height: 48px\">\n\t\t\t\t\t\t<div class=\"ptsEl\" data-el=\"table_cell_txt\" data-type=\"txt\"><p><span style=\"font-size: 12pt\" data-mce-style=\"font-size: 12pt;\">Ve\u0159ejn\u00e1 IP - za p\u0159\u00edplatek<\/span><\/p><\/div>\n\t\t\t\t\t<\/div>\n\t\t\t\t\t<div class=\"ptsCell\" style=\"height: 47px\">\n\t\t\t\t\t\t<div class=\"ptsEl\" data-el=\"table_cell_txt\" data-type=\"txt\"><p><span style=\"font-size: 12pt\" data-mce-style=\"font-size: 12pt;\">Bez limitu dat<\/span><\/p><\/div>\n\t\t\t\t\t<\/div>\n\t\t\t\t\t\n\t\t\t\t\t\n\t\t\t\t<\/div>\n\t\t\t\t<div class=\"ptsColFooter ptsHide\" style=\"height: 0px;display: none\">\n\t\t\t\t\t<div class=\"ptsActBtn ptsEl ptsElInput\" data-el=\"btn\" data-bgcolor-to=\"txt\" data-bgcolor-elements=\".ptsEditArea\">\n\t\t\t\t\t\t<a target=\"_blank\" href=\"https:\/\/supsystic.com\/\" class=\"ptsEditArea ptsInputShell\" style=\"color: #fff\">Sign up!<\/a>\n\t\t\t\t\t<\/div>\n\t\t\t\t<\/div>\n\t\t\t<\/div>\n\t\t<\/div><div class=\"ptsEl ptsCol ptsElWithArea ptsCol-4\" data-color=\"#356fd6ff\" data-el=\"table_col\" data-enb-color=\"1\" style=\"width: 25%;position: relative;left: 0px;top: 0px;min-height: auto\">\n\t\t\t<div class=\"ptsTableElementContent ptsElArea\">\n\t\t\t\t<div class=\"ptsColHeader ptsCell ptsShow\" style=\"height: 48px\">\n\t\t\t\t\t<div class=\"ptsEl\" data-el=\"table_cell_txt\" data-type=\"txt\"><p><span style=\"font-size: 12pt\" data-mce-style=\"font-size: 12pt;\">6G1<br><\/span><\/p><\/div>\n\t\t\t\t<\/div>\n\t\t\t\t<div class=\"ptsColDesc ptsShow\" style=\"height: 143px\">\n\t\t\t\t\t<div class=\"ptsEl\" data-el=\"table_cell_txt\" data-type=\"txt\"><p><span style=\"font-size: 36pt\" data-mce-style=\"font-size: 36pt;\">750,-<\/span><\/p><p>K\u010d\/m\u011bs\u00edc<\/p><\/div>\n\t\t\t\t<\/div>\n\t\t\t\t<div class=\"ptsRows ui-sortable\" style=\"height: auto\">\n\t\t\t\t\t<div class=\"ptsCell\" style=\"height: 49px\">\n\t\t\t\t\t\t<div class=\"ptsEl\" data-el=\"table_cell_txt\" data-type=\"txt\"><p><a href=\"https:\/\/www.slapnet.cz\/?page_id=613\"><span style=\"font-size: 12pt;color: #356fd6\" data-mce-style=\"font-size: 12pt; color: #356fd6;\"><span style=\"font-size: 12pt\" data-mce-style=\"font-size: 12pt;\"><span style=\"font-family: arial black, sans-serif\" data-mce-style=\"font-family: arial black, sans-serif;\">BTC:&nbsp; 0,0007<span style=\"font-family: arial, helvetica, sans-serif\" data-mce-style=\"font-family: arial, helvetica, sans-serif;\"> \/m\u011bsic<\/span><\/span><\/span><\/span><\/a><br><\/p><\/div>\n\t\t\t\t\t<\/div><div class=\"ptsCell\" style=\"height: 48px\">\n\t\t\t\t\t\t<div class=\"ptsEl\" data-el=\"table_cell_txt\" data-type=\"txt\"><p><span style=\"font-size: 12pt\" data-mce-style=\"font-size: 12pt;\">Rychlost stahov\u00e1n\u00ed 80 Mbps<\/span><\/p><\/div>\n\t\t\t\t\t<\/div>\n\t\t\t\t\t<div class=\"ptsCell\" style=\"height: 48px\">\n\t\t\t\t\t\t<div class=\"ptsEl\" data-el=\"table_cell_txt\" data-type=\"txt\"><p><span style=\"font-size: 12pt\" data-mce-style=\"font-size: 12pt;\"><span style=\"font-size: 12pt\" data-mce-style=\"font-size: 12pt;\">Rychlost odes\u00edl\u00e1n\u00ed 40 Mbps<\/span><\/span><\/p><\/div>\n\t\t\t\t\t<\/div>\n\t\t\t\t\t<div class=\"ptsCell\" style=\"height: 48px\">\n\t\t\t\t\t\t<div class=\"ptsEl\" data-el=\"table_cell_txt\" data-type=\"txt\"><p><span style=\"font-size: 12pt\" data-mce-style=\"font-size: 12pt;\"><span style=\"font-size: 12pt\" data-mce-style=\"font-size: 12pt;\">A\u017e 54 <\/span><\/span><span style=\"font-size: 12pt\" data-mce-style=\"font-size: 12pt;\">TV kan\u00e1lu za p\u0159\u00edplatek<\/span><\/p><\/div>\n\t\t\t\t\t<\/div>\n\t\t\t\t\t<div class=\"ptsCell\" style=\"height: 48px\">\n\t\t\t\t\t\t<div class=\"ptsEl\" data-el=\"table_cell_txt\" data-type=\"txt\"><p><span style=\"font-size: 12pt\" data-mce-style=\"font-size: 12pt;\"><span style=\"font-size: 12pt\" data-mce-style=\"font-size: 12pt;\">Ve\u0159ejn\u00e1 IP na vy\u017e\u00e1d\u00e1n\u00ed<\/span><\/span><\/p><\/div>\n\t\t\t\t\t<\/div>\n\t\t\t\t\t<div class=\"ptsCell\" style=\"height: 47px\">\n\t\t\t\t\t\t<div class=\"ptsEl\" data-el=\"table_cell_txt\" data-type=\"txt\"><p><span style=\"font-size: 12pt\" data-mce-style=\"font-size: 12pt;\">Bez limitu dat<br><\/span><\/p><\/div>\n\t\t\t\t\t<\/div>\n\t\t\t\t\t\n\t\t\t\t\t\n\t\t\t\t<\/div>\n\t\t\t\t<div class=\"ptsColFooter ptsHide\" style=\"height: 0px;display: none\">\n\t\t\t\t\t<div class=\"ptsActBtn ptsEl ptsElInput\" data-el=\"btn\" data-bgcolor-to=\"txt\" data-bgcolor-elements=\".ptsEditArea\">\n\t\t\t\t\t\t<a target=\"_blank\" href=\"https:\/\/supsystic.com\/\" class=\"ptsEditArea ptsInputShell\" style=\"color: #fff\">Sign up!<\/a>\n\t\t\t\t\t<\/div>\n\t\t\t\t<\/div>\n\t\t\t<\/div>\n\t\t<\/div><\/div>\n\t<div style=\"clear: both\"><\/div>\n<\/div><\/div>\n\t\t<a title=\"WordPress Pricing Table Plugin\" style=\"border: none; color: #26bfc1 !important; font-size: 9px; display: block; float: right; padding-right: 10px;\" href=\"https:\/\/supsystic.com\/plugins\/pricing-table\/?utm_source=plugin&utm_medium=love_link&utm_campaign=pricing_table\" target=\"_blank\">WordPress Pricing Table Plugin<\/a><div style=\"clear: both;\"><\/div><\/div>\n<\/div>\r\n<br \/>\nZp\u016fsob placen\u00ed za vyu\u017e\u00edv\u00e1n\u00ed p\u0159ipojen\u00ed k s\u00edti \u0161lap.Net &#8211; internet <a href=\"?page_id=306\">*<\/a> :<\/p>\n<ul>\n<li>Bankovn\u00edm p\u0159evodem &#8211; doporu\u010dujem z\u0159\u00edzen\u00ed trval\u00e9ho p\u0159\u00edkazu<\/li>\n<li>Pravidelnou platbou na p\u0159i\u0159azenou BTC adresu<\/li>\n<\/ul>\n<p>Poznamka:<\/p>\n<ul>\n<li>Uveden\u00fdch a\u017e 54 TV kan\u00e1lu je za zv\u00fdhodn\u011bnou cenu 99,- K\u010d\/m\u011bs\u00edc. Dal\u0161\u00ed roz\u0161i\u0159uj\u00edc\u00ed TV bal\u00ed\u010dky je mo\u017en\u00e9 dokoupit p\u0159\u00edmo u poskytovatele slu\u017eby SledovaniTV.<\/li>\n<li>Tarify 6G jsou mo\u017en\u00e9 do vzd\u00e1lenosti 0,5 km od p\u0159\u00edstupov\u00e9ho bodu a z omezen\u00fdm po\u010dtem p\u0159ipojen\u00fdch klient\u016f.<\/li>\n<\/ul>\n","protected":false},"excerpt":{"rendered":"<p>Zp\u016fsob placen\u00ed za vyu\u017e\u00edv\u00e1n\u00ed p\u0159ipojen\u00ed k s\u00edti \u0161lap.Net &#8211; internet * : Bankovn\u00edm p\u0159evodem &#8211; doporu\u010dujem z\u0159\u00edzen\u00ed trval\u00e9ho p\u0159\u00edkazu Pravidelnou platbou na p\u0159i\u0159azenou BTC adresu Poznamka: Uveden\u00fdch a\u017e 54 TV kan\u00e1lu je za zv\u00fdhodn\u011bnou cenu 99,- K\u010d\/m\u011bs\u00edc. Dal\u0161\u00ed roz\u0161i\u0159uj\u00edc\u00ed TV bal\u00ed\u010dky je mo\u017en\u00e9 dokoupit p\u0159\u00edmo u poskytovatele slu\u017eby SledovaniTV. Tarify 6G jsou mo\u017en\u00e9 do vzd\u00e1lenosti<br \/><a class=\"btn-read-more\" href=\"https:\/\/www.slapnet.cz\/?page_id=4\">Read More<\/a><\/p>\n","protected":false},"author":1,"featured_media":0,"parent":0,"menu_order":0,"comment_status":"closed","ping_status":"closed","template":"","meta":[],"_links":{"self":[{"href":"https:\/\/www.slapnet.cz\/index.php?rest_route=\/wp\/v2\/pages\/4"}],"collection":[{"href":"https:\/\/www.slapnet.cz\/index.php?rest_route=\/wp\/v2\/pages"}],"about":[{"href":"https:\/\/www.slapnet.cz\/index.php?rest_route=\/wp\/v2\/types\/page"}],"author":[{"embeddable":true,"href":"https:\/\/www.slapnet.cz\/index.php?rest_route=\/wp\/v2\/users\/1"}],"replies":[{"embeddable":true,"href":"https:\/\/www.slapnet.cz\/index.php?rest_route=%2Fwp%2Fv2%2Fcomments&post=4"}],"version-history":[{"count":24,"href":"https:\/\/www.slapnet.cz\/index.php?rest_route=\/wp\/v2\/pages\/4\/revisions"}],"predecessor-version":[{"id":891,"href":"https:\/\/www.slapnet.cz\/index.php?rest_route=\/wp\/v2\/pages\/4\/revisions\/891"}],"wp:attachment":[{"href":"https:\/\/www.slapnet.cz\/index.php?rest_route=%2Fwp%2Fv2%2Fmedia&parent=4"}],"curies":[{"name":"wp","href":"https:\/\/api.w.org\/{rel}","templated":true}]}}