{"id":8,"date":"2017-10-16T22:37:56","date_gmt":"2017-10-16T20:37:56","guid":{"rendered":"http:\/\/www.webpress.slapnet.cz\/?page_id=8"},"modified":"2018-05-14T22:04:28","modified_gmt":"2018-05-14T20:04:28","slug":"kontakty","status":"publish","type":"page","link":"https:\/\/www.slapnet.cz\/?page_id=8","title":{"rendered":"Kontakty"},"content":{"rendered":"<p><span style=\"color: #000000;\"><u><b>Provozovatel s\u00edt\u011b<\/b><\/u>:<\/span><\/p>\n<p style=\"padding-left: 15px;\">\n<span style=\"color: #000000;\"> &#8211; Slu\u017eba nezahrnuje spr\u00e1vu PC.<\/span><br \/>\n<span style=\"color: #000000;\"> &#8211; \u017d\u00e1dosti o p\u0159ipojen\u00ed, instalace.<\/span><br \/>\n<span style=\"color: #000000;\"> &#8211; Spr\u00e1va s\u00edt\u011b.<\/span>\n<\/p>\n<p style=\"padding-left: 20px;\">\n<span style=\"color: #000000;\"> <strong> Franti\u0161ek Hegr<\/strong>, Dlouh\u00e1 66, 664 51 \u0160lapanice <\/span><br \/>\n<span style=\"color: #000000;\"> SIT: 113211\/95-637; Osv\u011bd\u010den\u00ed \u010cTU \u010d. 786 <\/span><br \/>\n<span style=\"color: #000000;\"> I\u010cO: 628 81 175; Nejsem pl\u00e1tce DPH<\/span>\n<\/p>\n<p style=\"padding-left: 20px;\">\n<span style=\"color: #000000;\"> P\u0159i hl\u00e1\u0161en\u00ed probl\u00e9m\u016f pros\u00edm ud\u00e1vejte va\u0161\u00ed p\u0159i\u0159azenou IP adresu. <\/span><br \/>\n<span style=\"color: #000000;\"> <strong> Email:<\/strong> <span style=\"text-decoration: underline;\"><a href=\"mailto:hegr@slapnet.cz\" target=\"_blank\" rel=\"noopener\"><span style=\"color: #003366; text-decoration: underline;\">hegr@slapnet.cz<\/span><\/a><\/span> <\/span> <span style=\"color: #000000;\"> <strong>&nbsp;&nbsp;Tel.:<\/strong><a href=\"tel:+420530506630\" rel=\"noopener\"> <span style=\"text-decoration: underline;\"><span style=\"color: #003366; text-decoration: underline;\">530 506 630<\/span><\/span><\/a><\/span> <strong> <span style=\"color: #000000;\">&nbsp;&nbsp;Mob.:<\/span><\/strong> <a href=\"tel:+420775710778\" rel=\"noopener\"><span style=\"color: #000000;\"><span style=\"color: #003366;\"><span style=\"text-decoration: underline;\">775 710 778<\/span><\/span><\/span><\/a><\/p>\n<p>&nbsp;<\/p>\n<p><span style=\"color: #000000;\"><u><b>Technik Bla\u017eovice<\/b><\/u>:<\/span><\/p>\n<p style=\"padding-left: 15px;\">\n<span style=\"color: #000000;\"> &#8211; Technick\u00e1 podpora v Bla\u017eovic\u00edch.<\/span><br \/>\n<span style=\"color: #000000;\"> &#8211; Instalace p\u0159\u00edpojek.<\/span><br \/>\n<span style=\"color: #000000;\"> &#8211; Servis a spr\u00e1va PC. <\/span>\n<\/p>\n<p style=\"padding-left: 20px;\">\n<span style=\"color: #000000;\"><b> Ji\u0159\u00ed Bo\u010dek<\/b>, N\u00e1ves 17, 664 08 Bla\u017eovice<br \/>\n<b> Email: <\/b><a href=\"mailto:JiriBocekIT@seznam.cz\" target=\"_blank\" rel=\"noopener\"><span style=\"text-decoration: underline; color: #003366;\">JiriBocekIT@seznam.cz<\/span><\/a> <b>&nbsp;&nbsp;Tel.: <\/b><a href=\"tel:+420-530-506-606\" rel=\"noopener\"><span style=\"text-decoration: underline; color: #003366;\">530 506 606<\/span><\/a><b>&nbsp;&nbsp;Mob.: <\/b><span style=\"text-decoration: underline; color: #003366;\"><a href=\"tel:+420606921023\" rel=\"noopener\"><span style=\"color: #003366; text-decoration: underline;\">606<\/span> <span style=\"color: #003366; text-decoration: underline;\">921<\/span> <span style=\"color: #003366; text-decoration: underline;\">023<\/span><\/a><\/span><br \/>\n<\/span>\n<\/p>\n<p>&nbsp;<\/p>\n<p><span style=\"color: #000000;\"><u><b>Technick\u00e1 podpora<\/b><\/u>:<\/span><\/p>\n<p style=\"padding-left: 15px;\">\n<span style=\"color: #000000;\"> &#8211; Mo\u017enost slu\u017eby &#8220;na kl\u00ed\u010d&#8221;.<\/span><br \/>\n<span style=\"color: #000000;\"> &#8211; Prodej po\u010d\u00edta\u010d\u016f a p\u0159\u00edslu\u0161enstv\u00ed.<\/span><br \/>\n<span style=\"color: #000000;\"> &#8211; Nen\u00ed sou\u010d\u00e1st\u00ed p\u0159ipojen\u00ed, hrazeno samostatn\u011b.<\/span>\n<\/p>\n<p style=\"padding-left: 20px;\">\n<span style=\"color: #000000;\"> <b>Ing. Ale\u0161 Kalvoda<\/b><\/span><br \/>\n<span style=\"color: #000000;\"> <b>Email: <\/b><span style=\"color: #003366;\"><span style=\"text-decoration: underline;\"><a href=\"mailto:aking@volny.cz\" target=\"_blank\" rel=\"noopener\"><span style=\"color: #003366; text-decoration: underline;\">aking@volny.cz<\/span><\/a><\/span> <\/span><b>&nbsp;&nbsp;Tel.: <\/b><a href=\"tel:+420-530-506-616\" rel=\"noopener\"><span style=\"text-decoration: underline; color: #003366;\">530 506 616<\/span><\/a><b>&nbsp;&nbsp;Mob.: <\/b><a href=\"tel:+420606921922\" rel=\"noopener\"><span style=\"text-decoration: underline; color: #003366;\">606 921 922<\/span><\/a><\/span>\n<\/p>\n<p style=\"text-align: right;\"><a href=\"https:\/\/www.slapnet.cz\/?page_id=8&amp;print=1\" title=\"Vytisknout zpr\u00e1vu\" rel=\"nofollow\"><img class=\"WP-PrintIcon\" src=\"https:\/\/www.slapnet.cz\/wp-content\/plugins\/wp-print\/images\/print.gif\" alt=\"Vytisknout zpr\u00e1vu\" title=\"Vytisknout zpr\u00e1vu\" style=\"border: 0px;\" \/><\/a>&nbsp;<a href=\"https:\/\/www.slapnet.cz\/?page_id=8&amp;print=1\" title=\"Vytisknout zpr\u00e1vu\" rel=\"nofollow\">Vytisknout zpr\u00e1vu<\/a><\/p>\n","protected":false},"excerpt":{"rendered":"<p>Provozovatel s\u00edt\u011b: &#8211; Slu\u017eba nezahrnuje spr\u00e1vu PC. &#8211; \u017d\u00e1dosti o p\u0159ipojen\u00ed, instalace. &#8211; Spr\u00e1va s\u00edt\u011b. Franti\u0161ek Hegr, Dlouh\u00e1 66, 664 51 \u0160lapanice SIT: 113211\/95-637; Osv\u011bd\u010den\u00ed \u010cTU \u010d. 786 I\u010cO: 628 81 175; Nejsem pl\u00e1tce DPH P\u0159i hl\u00e1\u0161en\u00ed probl\u00e9m\u016f pros\u00edm ud\u00e1vejte va\u0161\u00ed p\u0159i\u0159azenou IP adresu. Email: hegr@slapnet.cz &nbsp;&nbsp;Tel.: 530 506 630 &nbsp;&nbsp;Mob.: 775 710 778 &nbsp;<br \/><a class=\"btn-read-more\" href=\"https:\/\/www.slapnet.cz\/?page_id=8\">Read More<\/a><\/p>\n","protected":false},"author":1,"featured_media":0,"parent":0,"menu_order":0,"comment_status":"closed","ping_status":"closed","template":"","meta":[],"_links":{"self":[{"href":"https:\/\/www.slapnet.cz\/index.php?rest_route=\/wp\/v2\/pages\/8"}],"collection":[{"href":"https:\/\/www.slapnet.cz\/index.php?rest_route=\/wp\/v2\/pages"}],"about":[{"href":"https:\/\/www.slapnet.cz\/index.php?rest_route=\/wp\/v2\/types\/page"}],"author":[{"embeddable":true,"href":"https:\/\/www.slapnet.cz\/index.php?rest_route=\/wp\/v2\/users\/1"}],"replies":[{"embeddable":true,"href":"https:\/\/www.slapnet.cz\/index.php?rest_route=%2Fwp%2Fv2%2Fcomments&post=8"}],"version-history":[{"count":13,"href":"https:\/\/www.slapnet.cz\/index.php?rest_route=\/wp\/v2\/pages\/8\/revisions"}],"predecessor-version":[{"id":373,"href":"https:\/\/www.slapnet.cz\/index.php?rest_route=\/wp\/v2\/pages\/8\/revisions\/373"}],"wp:attachment":[{"href":"https:\/\/www.slapnet.cz\/index.php?rest_route=%2Fwp%2Fv2%2Fmedia&parent=8"}],"curies":[{"name":"wp","href":"https:\/\/api.w.org\/{rel}","templated":true}]}}