{"id":939,"date":"2021-03-23T21:50:33","date_gmt":"2021-03-23T20:50:33","guid":{"rendered":"http:\/\/www.slapnet.cz\/?page_id=939"},"modified":"2021-03-23T22:06:07","modified_gmt":"2021-03-23T21:06:07","slug":"dokumenty","status":"publish","type":"page","link":"https:\/\/www.slapnet.cz\/?page_id=939","title":{"rendered":"Dokumenty"},"content":{"rendered":"<h3>Dokumenty, soubory ke sta\u017een\u00ed.<\/h3>\n<ul>\n<li><a href=\"http:\/\/slapnet.cz\/dokumenty\/vp_2021-01.pdf\">V\u0161eobecn\u00e9 podm\u00ednky<\/a><\/li>\n<li><a href=\"http:\/\/slapnet.cz\/dokumenty\/pravidla-poskytovani-sluzeb-k-internetu.pdf\">Pravidla p\u0159i poskytov\u00e1n\u00ed slu\u017eeb p\u0159\u00edstupu k internetu<\/a><\/li>\n<li><a href=\"http:\/\/slapnet.cz\/dokumenty\/smlouva-Internet_2021-01.pdf\">N\u00e1vrh smlouvy pro poskytov\u00e1n\u00ed slu\u017eeb elektronick\u00fdch komunikac\u00ed<\/a><\/li>\n<\/ul>\n<p>&nbsp;<\/p>\n<p>&nbsp;<\/p>\n","protected":false},"excerpt":{"rendered":"<p>Dokumenty, soubory ke sta\u017een\u00ed. V\u0161eobecn\u00e9 podm\u00ednky Pravidla p\u0159i poskytov\u00e1n\u00ed slu\u017eeb p\u0159\u00edstupu k internetu N\u00e1vrh smlouvy pro poskytov\u00e1n\u00ed slu\u017eeb elektronick\u00fdch komunikac\u00ed &nbsp; &nbsp;<\/p>\n","protected":false},"author":1,"featured_media":0,"parent":0,"menu_order":0,"comment_status":"closed","ping_status":"closed","template":"","meta":[],"_links":{"self":[{"href":"https:\/\/www.slapnet.cz\/index.php?rest_route=\/wp\/v2\/pages\/939"}],"collection":[{"href":"https:\/\/www.slapnet.cz\/index.php?rest_route=\/wp\/v2\/pages"}],"about":[{"href":"https:\/\/www.slapnet.cz\/index.php?rest_route=\/wp\/v2\/types\/page"}],"author":[{"embeddable":true,"href":"https:\/\/www.slapnet.cz\/index.php?rest_route=\/wp\/v2\/users\/1"}],"replies":[{"embeddable":true,"href":"https:\/\/www.slapnet.cz\/index.php?rest_route=%2Fwp%2Fv2%2Fcomments&post=939"}],"version-history":[{"count":4,"href":"https:\/\/www.slapnet.cz\/index.php?rest_route=\/wp\/v2\/pages\/939\/revisions"}],"predecessor-version":[{"id":943,"href":"https:\/\/www.slapnet.cz\/index.php?rest_route=\/wp\/v2\/pages\/939\/revisions\/943"}],"wp:attachment":[{"href":"https:\/\/www.slapnet.cz\/index.php?rest_route=%2Fwp%2Fv2%2Fmedia&parent=939"}],"curies":[{"name":"wp","href":"https:\/\/api.w.org\/{rel}","templated":true}]}}